{"id":17213,"date":"2023-11-18T22:17:33","date_gmt":"2023-11-18T22:17:33","guid":{"rendered":"https:\/\/demo.edublink.co\/?page_id=17213"},"modified":"2024-04-04T12:58:30","modified_gmt":"2024-04-04T12:58:30","slug":"kontakt","status":"publish","type":"page","link":"https:\/\/britannia.edu.al\/en\/kontakt\/","title":{"rendered":"Contact Us"},"content":{"rendered":"<div data-elementor-type=\"wp-page\" data-elementor-id=\"17213\" class=\"elementor elementor-17213\">\n\t\t\t\t\t\t<section class=\"elementor-section elementor-top-section elementor-element elementor-element-7ed12df elementor-section-boxed elementor-section-height-default elementor-section-height-default\" data-id=\"7ed12df\" data-element_type=\"section\">\n\t\t\t\t\t\t<div class=\"elementor-container elementor-column-gap-extended\">\n\t\t\t\t\t<div class=\"elementor-column elementor-col-50 elementor-top-column elementor-element elementor-element-c8aa340\" data-id=\"c8aa340\" data-element_type=\"column\">\n\t\t\t<div class=\"elementor-widget-wrap elementor-element-populated\">\n\t\t\t\t\t\t<div class=\"elementor-element elementor-element-bef7517 elementor-widget elementor-widget-heading\" data-id=\"bef7517\" data-element_type=\"widget\" data-widget_type=\"heading.default\">\n\t\t\t\t<div class=\"elementor-widget-container\">\n\t\t\t<style>\/*! elementor - v3.19.0 - 07-02-2024 *\/\n.elementor-heading-title{padding:0;margin:0;line-height:1}.elementor-widget-heading .elementor-heading-title[class*=elementor-size-]>a{color:inherit;font-size:inherit;line-height:inherit}.elementor-widget-heading .elementor-heading-title.elementor-size-small{font-size:15px}.elementor-widget-heading .elementor-heading-title.elementor-size-medium{font-size:19px}.elementor-widget-heading .elementor-heading-title.elementor-size-large{font-size:29px}.elementor-widget-heading .elementor-heading-title.elementor-size-xl{font-size:39px}.elementor-widget-heading .elementor-heading-title.elementor-size-xxl{font-size:59px}<\/style><h3 class=\"elementor-heading-title elementor-size-default\">We are always here to hear from you!<\/h3>\t\t<\/div>\n\t\t\t\t<\/div>\n\t\t\t\t<div class=\"elementor-element elementor-element-614944a elementor-widget elementor-widget-heading\" data-id=\"614944a\" data-element_type=\"widget\" data-widget_type=\"heading.default\">\n\t\t\t\t<div class=\"elementor-widget-container\">\n\t\t\t<h5 class=\"elementor-heading-title elementor-size-default\">Adress<\/h5>\t\t<\/div>\n\t\t\t\t<\/div>\n\t\t\t\t<div class=\"elementor-element elementor-element-d0523ab elementor-widget elementor-widget-text-editor\" data-id=\"d0523ab\" data-element_type=\"widget\" data-widget_type=\"text-editor.default\">\n\t\t\t\t<div class=\"elementor-widget-container\">\n\t\t\t<style>\/*! elementor - v3.19.0 - 07-02-2024 *\/\n.elementor-widget-text-editor.elementor-drop-cap-view-stacked .elementor-drop-cap{background-color:#69727d;color:#fff}.elementor-widget-text-editor.elementor-drop-cap-view-framed .elementor-drop-cap{color:#69727d;border:3px solid;background-color:transparent}.elementor-widget-text-editor:not(.elementor-drop-cap-view-default) .elementor-drop-cap{margin-top:8px}.elementor-widget-text-editor:not(.elementor-drop-cap-view-default) .elementor-drop-cap-letter{width:1em;height:1em}.elementor-widget-text-editor .elementor-drop-cap{float:left;text-align:center;line-height:1;font-size:50px}.elementor-widget-text-editor .elementor-drop-cap-letter{display:inline-block}<\/style>\t\t\t\t<p><strong>Britannia Languages Academy 1<\/strong><br \/>Rruga &#8220;Vaso Pasha&#8221;, p\u00ebrbri &#8220;Vesa Center&#8221;, Bllok<br \/>Tiran\u00eb, Shqip\u00ebri.<\/p><p><strong>Britannia Languages Academy 2<\/strong><br \/>Rruga &#8220;Aleksandri i Madh&#8221;, Bulevardi &#8220;Migjeni&#8221;, Astir, Tiran\u00eb, Shqip\u00ebri.<\/p>\t\t\t\t\t\t<\/div>\n\t\t\t\t<\/div>\n\t\t\t\t<div class=\"elementor-element elementor-element-18d270e elementor-widget elementor-widget-heading\" data-id=\"18d270e\" data-element_type=\"widget\" data-widget_type=\"heading.default\">\n\t\t\t\t<div class=\"elementor-widget-container\">\n\t\t\t<h5 class=\"elementor-heading-title elementor-size-default\">Email<\/h5>\t\t<\/div>\n\t\t\t\t<\/div>\n\t\t\t\t<div class=\"elementor-element elementor-element-97ed7a4    elementor-widget elementor-widget-text-editor\" data-id=\"97ed7a4\" data-element_type=\"widget\" data-widget_type=\"text-editor.default\">\n\t\t\t\t<div class=\"elementor-widget-container\">\n\t\t\t\t\t\t\t<p><a href=\"mailto:edublink@example.com\">info.<\/a><a href=\"mailto:edublink@example.com\">britanniaacademy<\/a><a href=\"mailto:info.britanniaacademy@gmail.com\">@gmail.com<\/a><\/p>\t\t\t\t\t\t<\/div>\n\t\t\t\t<\/div>\n\t\t\t\t<div class=\"elementor-element elementor-element-aa261c0 elementor-widget elementor-widget-heading\" data-id=\"aa261c0\" data-element_type=\"widget\" data-widget_type=\"heading.default\">\n\t\t\t\t<div class=\"elementor-widget-container\">\n\t\t\t<h5 class=\"elementor-heading-title elementor-size-default\">Phone Number<\/h5>\t\t<\/div>\n\t\t\t\t<\/div>\n\t\t\t\t<div class=\"elementor-element elementor-element-595dd16 elementor-widget elementor-widget-text-editor\" data-id=\"595dd16\" data-element_type=\"widget\" data-widget_type=\"text-editor.default\">\n\t\t\t\t<div class=\"elementor-widget-container\">\n\t\t\t\t\t\t\t<p><a href=\"tel:( 355) 69 4864 047\">(+355) 69 4864 047<\/a><\/p>\t\t\t\t\t\t<\/div>\n\t\t\t\t<\/div>\n\t\t\t\t<div class=\"elementor-element elementor-element-78ac899 elementor-widget elementor-widget-edublink-social-icons\" data-id=\"78ac899\" data-element_type=\"widget\" data-widget_type=\"edublink-social-icons.default\">\n\t\t\t\t<div class=\"elementor-widget-container\">\n\t\t\t<div class=\"edublink-social-icons-wrapper\"><a class=\"elementor-repeater-item-cf6a47b edublink-social-icon-each-item elementor-animation-\"><i aria-hidden=\"true\" class=\"edublink icon-share-alt\"><\/i><\/a><a class=\"elementor-repeater-item-01aed80 edublink-social-icon-each-item elementor-animation-\"><i aria-hidden=\"true\" class=\"edublink icon-facebook\"><\/i><\/a><a class=\"elementor-repeater-item-9450a8b edublink-social-icon-each-item elementor-animation-\"><i aria-hidden=\"true\" class=\"edublink icon-twitter\"><\/i><\/a><a class=\"elementor-repeater-item-60bf3fe edublink-social-icon-each-item elementor-animation-\"><i aria-hidden=\"true\" class=\"edublink icon-linkedin2\"><\/i><\/a><\/div>\t\t<\/div>\n\t\t\t\t<\/div>\n\t\t\t\t\t<\/div>\n\t\t<\/div>\n\t\t\t\t<div class=\"elementor-column elementor-col-50 elementor-top-column elementor-element elementor-element-88dca94\" data-id=\"88dca94\" data-element_type=\"column\" data-settings=\"{&quot;background_background&quot;:&quot;classic&quot;}\">\n\t\t\t<div class=\"elementor-widget-wrap elementor-element-populated\">\n\t\t\t\t\t\t<div class=\"elementor-element elementor-element-3a53f08 elementor-widget__width-auto elementor-absolute elementor-hidden-tablet elementor-hidden-mobile elementor-widget elementor-widget-edublink-animation\" data-id=\"3a53f08\" data-element_type=\"widget\" data-settings=\"{&quot;_position&quot;:&quot;absolute&quot;}\" data-widget_type=\"edublink-animation.default\">\n\t\t\t\t<div class=\"elementor-widget-container\">\n\t\t\t<div class=\"edublink-animation-widget edublink-animation-display-type-mouse-track edublink-animation-content-type-image edublink-mouse-track-item\"><span data-depth=\"-1.5\"><img decoding=\"async\" src=\"https:\/\/britannia.edu.al\/wp-content\/uploads\/2023\/05\/shape-02.png\" alt=\"Hero-Shape-18\"><\/span><\/div>\t\t<\/div>\n\t\t\t\t<\/div>\n\t\t\t\t<div class=\"elementor-element elementor-element-1a61784 elementor-widget__width-auto elementor-absolute elementor-hidden-tablet elementor-hidden-mobile elementor-widget elementor-widget-edublink-animation\" data-id=\"1a61784\" data-element_type=\"widget\" data-settings=\"{&quot;_position&quot;:&quot;absolute&quot;}\" data-widget_type=\"edublink-animation.default\">\n\t\t\t\t<div class=\"elementor-widget-container\">\n\t\t\t<div class=\"edublink-animation-widget edublink-animation-display-type-mouse-track edublink-animation-content-type-image edublink-mouse-track-item\"><span data-depth=\"1.5\"><img decoding=\"async\" src=\"https:\/\/britannia.edu.al\/wp-content\/uploads\/2023\/05\/shape-13.png\" alt=\"Hero-Shape-1\"><\/span><\/div>\t\t<\/div>\n\t\t\t\t<\/div>\n\t\t<div class=\"elementor-element elementor-element-5690efc e-con-full e-flex e-con e-child\" data-id=\"5690efc\" data-element_type=\"container\" data-settings=\"{&quot;content_width&quot;:&quot;full&quot;}\">\n\t\t\t\t<div class=\"elementor-element elementor-element-5a24098 elementor-widget elementor-widget-heading\" data-id=\"5a24098\" data-element_type=\"widget\" data-widget_type=\"heading.default\">\n\t\t\t\t<div class=\"elementor-widget-container\">\n\t\t\t<h5 class=\"elementor-heading-title elementor-size-default\">Get In Touch<\/h5>\t\t<\/div>\n\t\t\t\t<\/div>\n\t\t\t\t<div class=\"elementor-element elementor-element-3e24b46 elementor-widget elementor-widget-text-editor\" data-id=\"3e24b46\" data-element_type=\"widget\" data-widget_type=\"text-editor.default\">\n\t\t\t\t<div class=\"elementor-widget-container\">\n\t\t\t\t\t\t\t<p>Fill out this form for booking a consultant advising session.<\/p>\t\t\t\t\t\t<\/div>\n\t\t\t\t<\/div>\n\t\t\t\t<div class=\"elementor-element elementor-element-43b0ae4 elementor-widget elementor-widget-edublink-contact-form-seven\" data-id=\"43b0ae4\" data-element_type=\"widget\" data-widget_type=\"edublink-contact-form-seven.default\">\n\t\t\t\t<div class=\"elementor-widget-container\">\n\t\t\t<div class=\"edublink-contact-form-wrapper\">\n<div class=\"wpcf7 no-js\" id=\"wpcf7-f17264-o1\" lang=\"en-US\" dir=\"ltr\">\n<div class=\"screen-reader-response\"><p role=\"status\" aria-live=\"polite\" aria-atomic=\"true\"><\/p> <ul><\/ul><\/div>\n<form action=\"\/en\/wp-json\/wp\/v2\/pages\/17213#wpcf7-f17264-o1\" method=\"post\" class=\"wpcf7-form init\" aria-label=\"Contact form\" novalidate=\"novalidate\" data-status=\"init\" data-trp-original-action=\"\/en\/wp-json\/wp\/v2\/pages\/17213#wpcf7-f17264-o1\">\n<div style=\"display: none;\">\n<input type=\"hidden\" name=\"_wpcf7\" value=\"17264\" \/>\n<input type=\"hidden\" name=\"_wpcf7_version\" value=\"5.8.7\" \/>\n<input type=\"hidden\" name=\"_wpcf7_locale\" value=\"en_US\" \/>\n<input type=\"hidden\" name=\"_wpcf7_unit_tag\" value=\"wpcf7-f17264-o1\" \/>\n<input type=\"hidden\" name=\"_wpcf7_container_post\" value=\"0\" \/>\n<input type=\"hidden\" name=\"_wpcf7_posted_data_hash\" value=\"\" \/>\n<\/div>\n<div class=\"edublink-contact-form-wrapper eb-contact-us-form\">\n\t<div class=\"edublink-contact-form-single-item\">\n\t\t<div class=\"edublink-contact-form-single-item-content\">\n\t\t\t<p><span class=\"wpcf7-form-control-wrap\" data-name=\"text-245\"><input size=\"40\" class=\"wpcf7-form-control wpcf7-text wpcf7-validates-as-required edublink-contact-form-field\" aria-required=\"true\" aria-invalid=\"false\" placeholder=\"Your name *\" value=\"\" type=\"text\" name=\"text-245\" \/><\/span>\n\t\t\t<\/p>\n\t\t<\/div>\n\t<\/div>\n\t<div class=\"edublink-contact-form-single-item\">\n\t\t<div class=\"edublink-contact-form-single-item-content\">\n\t\t\t<p><span class=\"wpcf7-form-control-wrap\" data-name=\"email-349\"><input size=\"40\" class=\"wpcf7-form-control wpcf7-email wpcf7-validates-as-required wpcf7-text wpcf7-validates-as-email edublink-contact-form-field\" aria-required=\"true\" aria-invalid=\"false\" placeholder=\"Enter your email *\" value=\"\" type=\"email\" name=\"email-349\" \/><\/span>\n\t\t\t<\/p>\n\t\t<\/div>\n\t<\/div>\n\t<div class=\"edublink-contact-form-single-item\">\n\t\t<div class=\"edublink-contact-form-single-item-content\">\n\t\t\t<p><span class=\"wpcf7-form-control-wrap\" data-name=\"text-447\"><input size=\"40\" class=\"wpcf7-form-control wpcf7-text edublink-contact-form-field\" aria-invalid=\"false\" placeholder=\"Subject\" value=\"\" type=\"text\" name=\"text-447\" \/><\/span>\n\t\t\t<\/p>\n\t\t<\/div>\n\t<\/div>\n\t<div class=\"edublink-contact-form-single-item\">\n\t\t<div class=\"edublink-contact-form-single-item-content edublink-contact-form-textarea\">\n\t\t\t<p><span class=\"wpcf7-form-control-wrap\" data-name=\"textarea-865\"><textarea cols=\"40\" rows=\"4\" class=\"wpcf7-form-control wpcf7-textarea wpcf7-validates-as-required edublink-contact-form-textarea edublink-contact-form-field\" aria-required=\"true\" aria-invalid=\"false\" placeholder=\"Your Message\" name=\"textarea-865\"><\/textarea><\/span>\n\t\t\t<\/p>\n\t\t<\/div>\n\t<\/div>\n\t<div class=\"edublink-contact-form-single-item eb-contact-button\">\n\t\t<div class=\"eb-contact-button-wrapper\">\n\t\t\t<p><input class=\"wpcf7-form-control wpcf7-submit has-spinner edublink-button-with-icon\" type=\"submit\" value=\"Submit Message\" \/>\n\t\t\t<\/p>\n\t\t<\/div>\n\t<\/div>\n<\/div><div class=\"wpcf7-response-output\" aria-hidden=\"true\"><\/div>\n<input type=\"hidden\" name=\"trp-form-language\" value=\"en\"\/><\/form>\n<\/div>\n<\/div>\t\t<\/div>\n\t\t\t\t<\/div>\n\t\t\t\t<\/div>\n\t\t\t\t\t<\/div>\n\t\t<\/div>\n\t\t\t\t\t<\/div>\n\t\t<\/section>\n\t\t<div class=\"elementor-element elementor-element-da2e6fe e-flex e-con-boxed e-con e-parent\" data-id=\"da2e6fe\" data-element_type=\"container\" data-settings=\"{&quot;content_width&quot;:&quot;boxed&quot;}\" data-core-v316-plus=\"true\">\n\t\t\t\t\t<div class=\"e-con-inner\">\n\t\t\t\t<div class=\"elementor-element elementor-element-54d7954 elementor-widget elementor-widget-spacer\" data-id=\"54d7954\" data-element_type=\"widget\" data-widget_type=\"spacer.default\">\n\t\t\t\t<div class=\"elementor-widget-container\">\n\t\t\t<style>\/*! elementor - v3.19.0 - 07-02-2024 *\/\n.elementor-column .elementor-spacer-inner{height:var(--spacer-size)}.e-con{--container-widget-width:100%}.e-con-inner>.elementor-widget-spacer,.e-con>.elementor-widget-spacer{width:var(--container-widget-width,var(--spacer-size));--align-self:var(--container-widget-align-self,initial);--flex-shrink:0}.e-con-inner>.elementor-widget-spacer>.elementor-widget-container,.e-con>.elementor-widget-spacer>.elementor-widget-container{height:100%;width:100%}.e-con-inner>.elementor-widget-spacer>.elementor-widget-container>.elementor-spacer,.e-con>.elementor-widget-spacer>.elementor-widget-container>.elementor-spacer{height:100%}.e-con-inner>.elementor-widget-spacer>.elementor-widget-container>.elementor-spacer>.elementor-spacer-inner,.e-con>.elementor-widget-spacer>.elementor-widget-container>.elementor-spacer>.elementor-spacer-inner{height:var(--container-widget-height,var(--spacer-size))}.e-con-inner>.elementor-widget-spacer.elementor-widget-empty,.e-con>.elementor-widget-spacer.elementor-widget-empty{position:relative;min-height:22px;min-width:22px}.e-con-inner>.elementor-widget-spacer.elementor-widget-empty .elementor-widget-empty-icon,.e-con>.elementor-widget-spacer.elementor-widget-empty .elementor-widget-empty-icon{position:absolute;top:0;bottom:0;left:0;right:0;margin:auto;padding:0;width:22px;height:22px}<\/style>\t\t<div class=\"elementor-spacer\">\n\t\t\t<div class=\"elementor-spacer-inner\"><\/div>\n\t\t<\/div>\n\t\t\t\t<\/div>\n\t\t\t\t<\/div>\n\t\t\t\t\t<\/div>\n\t\t\t\t<\/div>\n\t\t<div class=\"elementor-element elementor-element-230dbd6 e-flex e-con-boxed e-con e-parent\" data-id=\"230dbd6\" data-element_type=\"container\" data-settings=\"{&quot;content_width&quot;:&quot;boxed&quot;}\" data-core-v316-plus=\"true\">\n\t\t\t\t\t<div class=\"e-con-inner\">\n\t\t<div class=\"elementor-element elementor-element-ab3ce52 e-con-full e-flex e-con e-child\" data-id=\"ab3ce52\" data-element_type=\"container\" data-settings=\"{&quot;content_width&quot;:&quot;full&quot;}\">\n\t\t\t\t<div class=\"elementor-element elementor-element-0ac8ad7 elementor-widget elementor-widget-google_maps\" data-id=\"0ac8ad7\" data-element_type=\"widget\" data-widget_type=\"google_maps.default\">\n\t\t\t\t<div class=\"elementor-widget-container\">\n\t\t\t<style>\/*! elementor - v3.19.0 - 07-02-2024 *\/\n.elementor-widget-google_maps .elementor-widget-container{overflow:hidden}.elementor-widget-google_maps .elementor-custom-embed{line-height:0}.elementor-widget-google_maps iframe{height:300px}<\/style>\t\t<div class=\"elementor-custom-embed\">\n\t\t\t<iframe loading=\"lazy\"\n\t\t\t\t\tsrc=\"https:\/\/maps.google.com\/maps?q=Brittania%20Languages%20Academy&#038;t=m&#038;z=13&#038;output=embed&#038;iwloc=near\"\n\t\t\t\t\ttitle=\"Brittania Languages Academy\"\n\t\t\t\t\taria-label=\"Brittania Languages Academy\"\n\t\t\t><\/iframe>\n\t\t<\/div>\n\t\t\t\t<\/div>\n\t\t\t\t<\/div>\n\t\t\t\t<\/div>\n\t\t<div class=\"elementor-element elementor-element-c3619c9 e-con-full e-flex e-con e-child\" data-id=\"c3619c9\" data-element_type=\"container\" data-settings=\"{&quot;content_width&quot;:&quot;full&quot;}\">\n\t\t\t\t<div class=\"elementor-element elementor-element-a2ac921 elementor-widget elementor-widget-google_maps\" data-id=\"a2ac921\" data-element_type=\"widget\" data-widget_type=\"google_maps.default\">\n\t\t\t\t<div class=\"elementor-widget-container\">\n\t\t\t\t\t<div class=\"elementor-custom-embed\">\n\t\t\t<iframe loading=\"lazy\"\n\t\t\t\t\tsrc=\"https:\/\/maps.google.com\/maps?q=britannia%20languages%20academy%202&#038;t=m&#038;z=13&#038;output=embed&#038;iwloc=near\"\n\t\t\t\t\ttitle=\"britannia languages academy 2\"\n\t\t\t\t\taria-label=\"britannia languages academy 2\"\n\t\t\t><\/iframe>\n\t\t<\/div>\n\t\t\t\t<\/div>\n\t\t\t\t<\/div>\n\t\t\t\t<\/div>\n\t\t\t\t\t<\/div>\n\t\t\t\t<\/div>\n\t\t\t\t<\/div>","protected":false},"excerpt":{"rendered":"<p>Jemi gjithmon\u00eb k\u00ebtu p\u00ebr t\u00eb d\u00ebgjuar nga ju! Adresa Britannia Languages Academy 1Rruga &#8220;Vaso Pasha&#8221;, p\u00ebrbri &#8220;Vesa Center&#8221;, BllokTiran\u00eb, Shqip\u00ebri.&#8230;<\/p>","protected":false},"author":1,"featured_media":0,"parent":0,"menu_order":0,"comment_status":"closed","ping_status":"closed","template":"","meta":{"inline_featured_image":false,"footnotes":""},"class_list":["post-17213","page","type-page","status-publish","hentry"],"_links":{"self":[{"href":"https:\/\/britannia.edu.al\/en\/wp-json\/wp\/v2\/pages\/17213","targetHints":{"allow":["GET"]}}],"collection":[{"href":"https:\/\/britannia.edu.al\/en\/wp-json\/wp\/v2\/pages"}],"about":[{"href":"https:\/\/britannia.edu.al\/en\/wp-json\/wp\/v2\/types\/page"}],"author":[{"embeddable":true,"href":"https:\/\/britannia.edu.al\/en\/wp-json\/wp\/v2\/users\/1"}],"replies":[{"embeddable":true,"href":"https:\/\/britannia.edu.al\/en\/wp-json\/wp\/v2\/comments?post=17213"}],"version-history":[{"count":32,"href":"https:\/\/britannia.edu.al\/en\/wp-json\/wp\/v2\/pages\/17213\/revisions"}],"predecessor-version":[{"id":21602,"href":"https:\/\/britannia.edu.al\/en\/wp-json\/wp\/v2\/pages\/17213\/revisions\/21602"}],"wp:attachment":[{"href":"https:\/\/britannia.edu.al\/en\/wp-json\/wp\/v2\/media?parent=17213"}],"curies":[{"name":"wp","href":"https:\/\/api.w.org\/{rel}","templated":true}]}}