{"id":20079,"date":"2024-02-29T15:21:31","date_gmt":"2024-02-29T15:21:31","guid":{"rendered":"https:\/\/britannia.edu.al\/?page_id=20079"},"modified":"2024-03-19T15:17:16","modified_gmt":"2024-03-19T15:17:16","slug":"provime","status":"publish","type":"page","link":"https:\/\/britannia.edu.al\/en\/provime\/","title":{"rendered":"Exams"},"content":{"rendered":"<div data-elementor-type=\"wp-page\" data-elementor-id=\"20079\" class=\"elementor elementor-20079\">\n\t\t\t\t<div class=\"elementor-element elementor-element-a6af2bc e-flex e-con-boxed e-con e-parent\" data-id=\"a6af2bc\" data-element_type=\"container\" data-settings=\"{&quot;content_width&quot;:&quot;boxed&quot;}\" data-core-v316-plus=\"true\">\n\t\t\t\t\t<div class=\"e-con-inner\">\n\t\t<div class=\"elementor-element elementor-element-7903dda e-flex e-con-boxed e-con e-child\" data-id=\"7903dda\" data-element_type=\"container\" data-settings=\"{&quot;content_width&quot;:&quot;boxed&quot;}\">\n\t\t\t\t\t<div class=\"e-con-inner\">\n\t\t\t\t<div class=\"elementor-element elementor-element-c5635ca elementor-position-top elementor-widget elementor-widget-image-box\" data-id=\"c5635ca\" data-element_type=\"widget\" data-widget_type=\"image-box.default\">\n\t\t\t\t<div class=\"elementor-widget-container\">\n\t\t\t<style>\/*! elementor - v3.19.0 - 07-02-2024 *\/\n.elementor-widget-image-box .elementor-image-box-content{width:100%}@media (min-width:768px){.elementor-widget-image-box.elementor-position-left .elementor-image-box-wrapper,.elementor-widget-image-box.elementor-position-right .elementor-image-box-wrapper{display:flex}.elementor-widget-image-box.elementor-position-right .elementor-image-box-wrapper{text-align:right;flex-direction:row-reverse}.elementor-widget-image-box.elementor-position-left .elementor-image-box-wrapper{text-align:left;flex-direction:row}.elementor-widget-image-box.elementor-position-top .elementor-image-box-img{margin:auto}.elementor-widget-image-box.elementor-vertical-align-top .elementor-image-box-wrapper{align-items:flex-start}.elementor-widget-image-box.elementor-vertical-align-middle .elementor-image-box-wrapper{align-items:center}.elementor-widget-image-box.elementor-vertical-align-bottom .elementor-image-box-wrapper{align-items:flex-end}}@media (max-width:767px){.elementor-widget-image-box .elementor-image-box-img{margin-left:auto!important;margin-right:auto!important;margin-bottom:15px}}.elementor-widget-image-box .elementor-image-box-img{display:inline-block}.elementor-widget-image-box .elementor-image-box-title a{color:inherit}.elementor-widget-image-box .elementor-image-box-wrapper{text-align:center}.elementor-widget-image-box .elementor-image-box-description{margin:0}<\/style><div class=\"elementor-image-box-wrapper\"><figure class=\"elementor-image-box-img\"><img fetchpriority=\"high\" decoding=\"async\" width=\"284\" height=\"177\" src=\"https:\/\/britannia.edu.al\/wp-content\/uploads\/2024\/02\/download-1.png\" class=\"attachment-full size-full wp-image-20080\" alt=\"\" \/><\/figure><div class=\"elementor-image-box-content\"><h3 class=\"elementor-image-box-title\">IELTS<\/h3><p class=\"elementor-image-box-description\">IELTS, testi nd\u00ebrkomb\u00ebtar i gjuh\u00ebs angleze, \u00ebsht\u00eb nj\u00eb provim i njohur kudo n\u00eb bot\u00eb. I hartuar nga ekspert\u00eb t\u00eb gjuh\u00ebs angleze p\u00ebr t\u00eb vler\u00ebsuar aft\u00ebsit\u00eb tuaja t\u00eb t\u00eb lexuarit, t\u00eb shkruarit, t\u00eb d\u00ebgjuarit dhe t\u00eb t\u00eb folurit. N\u00ebse d\u00ebshironi t\u00eb studioni, t\u00eb punoni ose t\u00eb udh\u00ebtoni jasht\u00eb vendit, IELTS mund t'ju ndihmoj\u00eb t\u00eb arrini t\u00eb gjitha q\u00ebllimet tuaja. P\u00ebr t\u00eb arritur rezultatin e d\u00ebshiruar, mesuesit tan\u00eb ekspert\u00eb do t'ju trajnojn\u00eb duke aplikuar strategji, teknika provimi dhe metodat e testet sh\u00ebmbuj m\u00eb t\u00eb fundit t\u00eb k\u00ebtij provimi t\u00eb cilat do t\u00eb maksimizojn\u00eb rezultatin tuaj t\u00eb IELTS. Britannia Academy \u00ebsht\u00eb gjithashtu i vetmi Partner zyrtar i British Council dhe Ambasadore e IELTS p\u00ebr Shqip\u00ebrin\u00eb.<\/p><\/div><\/div>\t\t<\/div>\n\t\t\t\t<\/div>\n\t\t\t\t<div class=\"elementor-element elementor-element-54bf349 elementor-position-top elementor-widget elementor-widget-image-box\" data-id=\"54bf349\" data-element_type=\"widget\" data-widget_type=\"image-box.default\">\n\t\t\t\t<div class=\"elementor-widget-container\">\n\t\t\t<div class=\"elementor-image-box-wrapper\"><figure class=\"elementor-image-box-img\"><img decoding=\"async\" width=\"272\" height=\"186\" src=\"https:\/\/britannia.edu.al\/wp-content\/uploads\/2024\/03\/toefl.png\" class=\"attachment-full size-full wp-image-20337\" alt=\"\" \/><\/figure><div class=\"elementor-image-box-content\"><h3 class=\"elementor-image-box-title\">TOEFL<\/h3><p class=\"elementor-image-box-description\">TOEFL \u00ebsht\u00eb nj\u00eb provim gjuh\u00ebsor Amerikan,p\u00ebr gjuh\u00ebn angleze, i  cili njihet n\u00eb mbar\u00eb bot\u00ebn dhe me fokus kryesor n\u00eb Amerik\u00eb. N\u00ebse jeni t\u00eb interesuar t\u00eb punoni, studioni ose jetoni jasht\u00eb shtetit, at\u00ebher\u00eb dh\u00ebnia e provimit TOEFL mund t\u2019ju ndihmoj\u00eb t\u00eb realizoni q\u00ebllimet tuaja. P\u00ebrgatituni p\u00ebr testin TOEFL me nj\u00eb shum\u00ebllojshm\u00ebri materialesh, kursesh dhe trajnimesh n\u00eb klas\u00eb ose Online nga Britannia Languages Academy. M\u00eb posht\u00eb do t\u00eb gjeni spjegime dhe orientime rreth testit TOEFL. Britannia Academy, \u00ebsht\u00eb i vetmi Partner zyrtar i cili ofron p\u00ebr ju trajnime me metodat m\u00eb bashk\u00ebkohore p\u00ebr t\u00eb arritur rezultatet maksimale n\u00eb provim. Zgjidh form\u00ebn e p\u00ebrgatitjes q\u00eb ju p\u00ebrshtatet dhe filloni t\u00eb njiheni me testin TOEFL q\u00eb sot.<\/p><\/div><\/div>\t\t<\/div>\n\t\t\t\t<\/div>\n\t\t\t\t\t<\/div>\n\t\t\t\t<\/div>\n\t\t\t\t\t<\/div>\n\t\t\t\t<\/div>\n\t\t\t\t<\/div>","protected":false},"excerpt":{"rendered":"<p>IELTS IELTS, testi nd\u00ebrkomb\u00ebtar i gjuh\u00ebs angleze, \u00ebsht\u00eb nj\u00eb provim i njohur kudo n\u00eb bot\u00eb. I hartuar nga ekspert\u00eb t\u00eb&#8230;<\/p>","protected":false},"author":1,"featured_media":0,"parent":0,"menu_order":0,"comment_status":"closed","ping_status":"closed","template":"","meta":{"inline_featured_image":false,"footnotes":""},"class_list":["post-20079","page","type-page","status-publish","hentry"],"_links":{"self":[{"href":"https:\/\/britannia.edu.al\/en\/wp-json\/wp\/v2\/pages\/20079","targetHints":{"allow":["GET"]}}],"collection":[{"href":"https:\/\/britannia.edu.al\/en\/wp-json\/wp\/v2\/pages"}],"about":[{"href":"https:\/\/britannia.edu.al\/en\/wp-json\/wp\/v2\/types\/page"}],"author":[{"embeddable":true,"href":"https:\/\/britannia.edu.al\/en\/wp-json\/wp\/v2\/users\/1"}],"replies":[{"embeddable":true,"href":"https:\/\/britannia.edu.al\/en\/wp-json\/wp\/v2\/comments?post=20079"}],"version-history":[{"count":14,"href":"https:\/\/britannia.edu.al\/en\/wp-json\/wp\/v2\/pages\/20079\/revisions"}],"predecessor-version":[{"id":20774,"href":"https:\/\/britannia.edu.al\/en\/wp-json\/wp\/v2\/pages\/20079\/revisions\/20774"}],"wp:attachment":[{"href":"https:\/\/britannia.edu.al\/en\/wp-json\/wp\/v2\/media?parent=20079"}],"curies":[{"name":"wp","href":"https:\/\/api.w.org\/{rel}","templated":true}]}}