{"id":20091,"date":"2024-02-29T15:29:09","date_gmt":"2024-02-29T15:29:09","guid":{"rendered":"https:\/\/britannia.edu.al\/?page_id=20091"},"modified":"2025-03-02T22:17:33","modified_gmt":"2025-03-02T22:17:33","slug":"mesimi-online","status":"publish","type":"page","link":"https:\/\/britannia.edu.al\/en\/mesimi-online\/","title":{"rendered":"M\u00ebsime Online"},"content":{"rendered":"<div data-elementor-type=\"wp-page\" data-elementor-id=\"20091\" class=\"elementor elementor-20091\">\n\t\t\t\t<div class=\"elementor-element elementor-element-a8d8261 e-flex e-con-boxed e-con e-parent\" data-id=\"a8d8261\" data-element_type=\"container\" data-settings=\"{&quot;content_width&quot;:&quot;boxed&quot;}\" data-core-v316-plus=\"true\">\n\t\t\t\t\t<div class=\"e-con-inner\">\n\t\t\t\t<div class=\"elementor-element elementor-element-8070937 elementor-widget elementor-widget-text-editor\" data-id=\"8070937\" data-element_type=\"widget\" data-widget_type=\"text-editor.default\">\n\t\t\t\t<div class=\"elementor-widget-container\">\n\t\t\t<style>\/*! elementor - v3.19.0 - 07-02-2024 *\/\n.elementor-widget-text-editor.elementor-drop-cap-view-stacked .elementor-drop-cap{background-color:#69727d;color:#fff}.elementor-widget-text-editor.elementor-drop-cap-view-framed .elementor-drop-cap{color:#69727d;border:3px solid;background-color:transparent}.elementor-widget-text-editor:not(.elementor-drop-cap-view-default) .elementor-drop-cap{margin-top:8px}.elementor-widget-text-editor:not(.elementor-drop-cap-view-default) .elementor-drop-cap-letter{width:1em;height:1em}.elementor-widget-text-editor .elementor-drop-cap{float:left;text-align:center;line-height:1;font-size:50px}.elementor-widget-text-editor .elementor-drop-cap-letter{display:inline-block}<\/style>\t\t\t\t<p>Britannia Academy as a network of professional centers counts the most elite staff of teachers and professors who constantly strive to empower students to learn foreign languages and prepare professionally for IELTS, TOEFL, ESOL, SELT and SAT exams by thus achieving the highest results over the years.<\/p><p>Online learning enables you to learn in class, in a mini group, or even alone and wherever you are, all you need is a technological device and the Internet. This provides that the teachers through live video recording where the lesson takes place in real Britannia environments where there is interaction and use of interactive tables. Tasks with a focus on communication, exercises and supplementary readings are also given, taking care not to overload the students with the learning content and focusing on the main knowledge. The teacher-student ratio is continuous and reported step by step.<\/p><p>In addition, online learning has other advantages such as:<\/p><p><em>Recording the lesson after the lesson<\/em><\/p><p><em>Saving a bunch of materials for later use.<\/em><\/p><p><em>The possibility of real-time and synchronous conversation.<\/em><\/p><p><em>Fair and more efficient time management.<\/em><\/p><p>These are key factors for both students and teachers. This allows them to follow the lessons rigorously and seriously, but also not to have to give up their daily routine, nor to be forced to stay still or in the same place for a long time.<\/p>\t\t\t\t\t\t<\/div>\n\t\t\t\t<\/div>\n\t\t\t\t\t<\/div>\n\t\t\t\t<\/div>\n\t\t\t\t<\/div>","protected":false},"excerpt":{"rendered":"<p>M\u00ebsimi online megjith\u00ebse nisi si nj\u00eb nevoj\u00eb e domosdoshme gjat\u00eb viteve t\u00eb pandemis\u00eb, tashm\u00eb \u00ebsht\u00eb kthyer n\u00eb \u2018trend\u2019 p\u00ebr shum\u00eb&#8230;<\/p>","protected":false},"author":1,"featured_media":0,"parent":0,"menu_order":0,"comment_status":"closed","ping_status":"closed","template":"","meta":{"inline_featured_image":false,"footnotes":""},"class_list":["post-20091","page","type-page","status-publish","hentry"],"_links":{"self":[{"href":"https:\/\/britannia.edu.al\/en\/wp-json\/wp\/v2\/pages\/20091","targetHints":{"allow":["GET"]}}],"collection":[{"href":"https:\/\/britannia.edu.al\/en\/wp-json\/wp\/v2\/pages"}],"about":[{"href":"https:\/\/britannia.edu.al\/en\/wp-json\/wp\/v2\/types\/page"}],"author":[{"embeddable":true,"href":"https:\/\/britannia.edu.al\/en\/wp-json\/wp\/v2\/users\/1"}],"replies":[{"embeddable":true,"href":"https:\/\/britannia.edu.al\/en\/wp-json\/wp\/v2\/comments?post=20091"}],"version-history":[{"count":4,"href":"https:\/\/britannia.edu.al\/en\/wp-json\/wp\/v2\/pages\/20091\/revisions"}],"predecessor-version":[{"id":21848,"href":"https:\/\/britannia.edu.al\/en\/wp-json\/wp\/v2\/pages\/20091\/revisions\/21848"}],"wp:attachment":[{"href":"https:\/\/britannia.edu.al\/en\/wp-json\/wp\/v2\/media?parent=20091"}],"curies":[{"name":"wp","href":"https:\/\/api.w.org\/{rel}","templated":true}]}}