{"id":20107,"date":"2024-02-29T15:35:29","date_gmt":"2024-02-29T15:35:29","guid":{"rendered":"https:\/\/britannia.edu.al\/?page_id=20107"},"modified":"2024-03-04T11:52:29","modified_gmt":"2024-03-04T11:52:29","slug":"konsulence-akademike","status":"publish","type":"page","link":"https:\/\/britannia.edu.al\/en\/konsulence-akademike\/","title":{"rendered":"Academic Consultancy"},"content":{"rendered":"<div data-elementor-type=\"wp-page\" data-elementor-id=\"20107\" class=\"elementor elementor-20107\">\n\t\t\t\t<div class=\"elementor-element elementor-element-59ef45a e-flex e-con-boxed e-con e-parent\" data-id=\"59ef45a\" data-element_type=\"container\" data-settings=\"{&quot;content_width&quot;:&quot;boxed&quot;}\" data-core-v316-plus=\"true\">\n\t\t\t\t\t<div class=\"e-con-inner\">\n\t\t\t\t<div class=\"elementor-element elementor-element-6973a3e elementor-widget elementor-widget-text-editor\" data-id=\"6973a3e\" data-element_type=\"widget\" data-widget_type=\"text-editor.default\">\n\t\t\t\t<div class=\"elementor-widget-container\">\n\t\t\t<style>\/*! elementor - v3.19.0 - 07-02-2024 *\/\n.elementor-widget-text-editor.elementor-drop-cap-view-stacked .elementor-drop-cap{background-color:#69727d;color:#fff}.elementor-widget-text-editor.elementor-drop-cap-view-framed .elementor-drop-cap{color:#69727d;border:3px solid;background-color:transparent}.elementor-widget-text-editor:not(.elementor-drop-cap-view-default) .elementor-drop-cap{margin-top:8px}.elementor-widget-text-editor:not(.elementor-drop-cap-view-default) .elementor-drop-cap-letter{width:1em;height:1em}.elementor-widget-text-editor .elementor-drop-cap{float:left;text-align:center;line-height:1;font-size:50px}.elementor-widget-text-editor .elementor-drop-cap-letter{display:inline-block}<\/style>\t\t\t\t<p class=\" translation-block\">Consulting is more than giving advice.<br>\nWe offer and build a cooperative relationship.<\/p><p class=\" translation-block\"><strong>Professional advice:<\/strong> With 15 years of experience, we can offer advice you may not find elsewhere, providing valuable insight into how to make the most of your overseas university applications and what steps you need to take to achieve your goals.<br>\n<strong>Problem solving: <\/strong> We can help you resolve any issues you may encounter while compiling your portfolio. Documents such as drafting a professional motivation letter, drafting a professional CV for school or work. Translating official documents and notarizing, editing and drafting various essays that any university may require from you. Effective marketing strategies or improvement of processes within the company. We also provide assistance in student visa, employment visa or tourist visa applications.<br>\n<strong>Time saving:<\/strong> We know how to get things done quickly and efficiently. This means you get more work done in less time and using fewer resources than you would on your own.<\/p><p class=\" translation-block\">If you are looking for a consultancy service to help you reach the next level, <strong>Britannia Languages Academy<\/strong>  is the right choice.<\/p><p>\u00a0<\/p>\t\t\t\t\t\t<\/div>\n\t\t\t\t<\/div>\n\t\t\t\t\t<\/div>\n\t\t\t\t<\/div>\n\t\t\t\t<\/div>","protected":false},"excerpt":{"rendered":"<p>Konsultimi \u00ebsht\u00eb m\u00eb shum\u00eb sesa t\u00eb dh\u00ebnit nj\u00eb k\u00ebshill\u00eb.Ne ofrojm\u00eb dhe nd\u00ebrtojm\u00eb nj\u00eb marr\u00ebdh\u00ebnie bashk\u00ebpunimi. K\u00ebshilla profesionale: Duke pasur 15&#8230;<\/p>","protected":false},"author":1,"featured_media":0,"parent":0,"menu_order":0,"comment_status":"closed","ping_status":"closed","template":"","meta":{"inline_featured_image":false,"footnotes":""},"class_list":["post-20107","page","type-page","status-publish","hentry"],"_links":{"self":[{"href":"https:\/\/britannia.edu.al\/en\/wp-json\/wp\/v2\/pages\/20107","targetHints":{"allow":["GET"]}}],"collection":[{"href":"https:\/\/britannia.edu.al\/en\/wp-json\/wp\/v2\/pages"}],"about":[{"href":"https:\/\/britannia.edu.al\/en\/wp-json\/wp\/v2\/types\/page"}],"author":[{"embeddable":true,"href":"https:\/\/britannia.edu.al\/en\/wp-json\/wp\/v2\/users\/1"}],"replies":[{"embeddable":true,"href":"https:\/\/britannia.edu.al\/en\/wp-json\/wp\/v2\/comments?post=20107"}],"version-history":[{"count":4,"href":"https:\/\/britannia.edu.al\/en\/wp-json\/wp\/v2\/pages\/20107\/revisions"}],"predecessor-version":[{"id":20170,"href":"https:\/\/britannia.edu.al\/en\/wp-json\/wp\/v2\/pages\/20107\/revisions\/20170"}],"wp:attachment":[{"href":"https:\/\/britannia.edu.al\/en\/wp-json\/wp\/v2\/media?parent=20107"}],"curies":[{"name":"wp","href":"https:\/\/api.w.org\/{rel}","templated":true}]}}