{"id":20115,"date":"2024-02-29T15:40:15","date_gmt":"2024-02-29T15:40:15","guid":{"rendered":"https:\/\/britannia.edu.al\/?page_id=20115"},"modified":"2024-03-27T12:16:45","modified_gmt":"2024-03-27T12:16:45","slug":"perkthime-zyrtare","status":"publish","type":"page","link":"https:\/\/britannia.edu.al\/en\/perkthime-zyrtare\/","title":{"rendered":"Official translations"},"content":{"rendered":"<div data-elementor-type=\"wp-page\" data-elementor-id=\"20115\" class=\"elementor elementor-20115\">\n\t\t\t\t<div class=\"elementor-element elementor-element-d0bd065 e-flex e-con-boxed e-con e-parent\" data-id=\"d0bd065\" data-element_type=\"container\" data-settings=\"{&quot;content_width&quot;:&quot;boxed&quot;}\" data-core-v316-plus=\"true\">\n\t\t\t\t\t<div class=\"e-con-inner\">\n\t\t\t\t<div class=\"elementor-element elementor-element-478e614 elementor-widget elementor-widget-text-editor\" data-id=\"478e614\" data-element_type=\"widget\" data-widget_type=\"text-editor.default\">\n\t\t\t\t<div class=\"elementor-widget-container\">\n\t\t\t<style>\/*! elementor - v3.19.0 - 07-02-2024 *\/\n.elementor-widget-text-editor.elementor-drop-cap-view-stacked .elementor-drop-cap{background-color:#69727d;color:#fff}.elementor-widget-text-editor.elementor-drop-cap-view-framed .elementor-drop-cap{color:#69727d;border:3px solid;background-color:transparent}.elementor-widget-text-editor:not(.elementor-drop-cap-view-default) .elementor-drop-cap{margin-top:8px}.elementor-widget-text-editor:not(.elementor-drop-cap-view-default) .elementor-drop-cap-letter{width:1em;height:1em}.elementor-widget-text-editor .elementor-drop-cap{float:left;text-align:center;line-height:1;font-size:50px}.elementor-widget-text-editor .elementor-drop-cap-letter{display:inline-block}<\/style>\t\t\t\t<p>We offer official translations in English - Albanian and vice versa.<\/p><p>Qualified staff, quality and correctness. In case of studies, work visa, tourist visa, etc., our office follows the documentation process, translates, notarizes and offers consultancy for a faster and safer way.<\/p><p>The main objectives of our translations are accuracy, quality, clarity, fidelity and flexibility. We accurately transfer the meaning of the source material into another language. All expressed materials stay true to the source. To express the correct accuracy we have qualified translators. All this while paying attention to detail and choosing appropriate words or phrases that are as clear as they are precise.\n  We also offer you availability, online services and short deadlines\/a short time after placing the order. Whether it is a business translation or, research work, translation of official documents for various authorities; Our translation company guarantees punctuality and terminological accuracy.\nDo you need a certified translation of official documents such as a school certificate, marriage certificate or any other documentation by a certified translator? - We would be more than happy to assist you!<\/p>\t\t\t\t\t\t<\/div>\n\t\t\t\t<\/div>\n\t\t\t\t\t<\/div>\n\t\t\t\t<\/div>\n\t\t<div class=\"elementor-element elementor-element-3e43912 e-flex e-con-boxed e-con e-parent\" data-id=\"3e43912\" data-element_type=\"container\" data-settings=\"{&quot;content_width&quot;:&quot;boxed&quot;}\" data-core-v316-plus=\"true\">\n\t\t\t\t\t<div class=\"e-con-inner\">\n\t\t\t\t<div class=\"elementor-element elementor-element-44d9f34 elementor-widget elementor-widget-google_maps\" data-id=\"44d9f34\" data-element_type=\"widget\" data-widget_type=\"google_maps.default\">\n\t\t\t\t<div class=\"elementor-widget-container\">\n\t\t\t<style>\/*! elementor - v3.19.0 - 07-02-2024 *\/\n.elementor-widget-google_maps .elementor-widget-container{overflow:hidden}.elementor-widget-google_maps .elementor-custom-embed{line-height:0}.elementor-widget-google_maps iframe{height:300px}<\/style>\t\t<div class=\"elementor-custom-embed\">\n\t\t\t<iframe loading=\"lazy\"\n\t\t\t\t\tsrc=\"https:\/\/maps.google.com\/maps?q=P%C3%ABrkthime%20Zyrtare%20Gjuh%C3%AB%20Angleze%20Eda%20Cauli&#038;t=m&#038;z=14&#038;output=embed&#038;iwloc=near\"\n\t\t\t\t\ttitle=\"P\u00ebrkthime Zyrtare Gjuh\u00eb Angleze Eda Cauli\"\n\t\t\t\t\taria-label=\"P\u00ebrkthime Zyrtare Gjuh\u00eb Angleze Eda Cauli\"\n\t\t\t><\/iframe>\n\t\t<\/div>\n\t\t\t\t<\/div>\n\t\t\t\t<\/div>\n\t\t\t\t\t<\/div>\n\t\t\t\t<\/div>\n\t\t\t\t<\/div>","protected":false},"excerpt":{"rendered":"<p>Ofrojm\u00eb p\u00ebrkthime zyrtare n\u00eb anglisht \u2013 shqip dhe anasjelltas. Staf i kualifikuar, cil\u00ebsi dhe korrekt\u00ebsi. N\u00eb rast studimesh, viz\u00eb pune,&#8230;<\/p>","protected":false},"author":1,"featured_media":0,"parent":0,"menu_order":0,"comment_status":"closed","ping_status":"closed","template":"","meta":{"inline_featured_image":false,"footnotes":""},"class_list":["post-20115","page","type-page","status-publish","hentry"],"_links":{"self":[{"href":"https:\/\/britannia.edu.al\/en\/wp-json\/wp\/v2\/pages\/20115","targetHints":{"allow":["GET"]}}],"collection":[{"href":"https:\/\/britannia.edu.al\/en\/wp-json\/wp\/v2\/pages"}],"about":[{"href":"https:\/\/britannia.edu.al\/en\/wp-json\/wp\/v2\/types\/page"}],"author":[{"embeddable":true,"href":"https:\/\/britannia.edu.al\/en\/wp-json\/wp\/v2\/users\/1"}],"replies":[{"embeddable":true,"href":"https:\/\/britannia.edu.al\/en\/wp-json\/wp\/v2\/comments?post=20115"}],"version-history":[{"count":7,"href":"https:\/\/britannia.edu.al\/en\/wp-json\/wp\/v2\/pages\/20115\/revisions"}],"predecessor-version":[{"id":20829,"href":"https:\/\/britannia.edu.al\/en\/wp-json\/wp\/v2\/pages\/20115\/revisions\/20829"}],"wp:attachment":[{"href":"https:\/\/britannia.edu.al\/en\/wp-json\/wp\/v2\/media?parent=20115"}],"curies":[{"name":"wp","href":"https:\/\/api.w.org\/{rel}","templated":true}]}}