{"id":20248,"date":"2024-03-05T17:02:49","date_gmt":"2024-03-05T17:02:49","guid":{"rendered":"https:\/\/britannia.edu.al\/?page_id=20248"},"modified":"2024-03-13T03:01:54","modified_gmt":"2024-03-13T03:01:54","slug":"ielts","status":"publish","type":"page","link":"https:\/\/britannia.edu.al\/en\/ielts\/","title":{"rendered":"IELTS"},"content":{"rendered":"<div data-elementor-type=\"wp-page\" data-elementor-id=\"20248\" class=\"elementor elementor-20248\">\n\t\t\t\t<div class=\"elementor-element elementor-element-b6e0bed e-flex e-con-boxed e-con e-parent\" data-id=\"b6e0bed\" data-element_type=\"container\" data-settings=\"{&quot;content_width&quot;:&quot;boxed&quot;}\" data-core-v316-plus=\"true\">\n\t\t\t\t\t<div class=\"e-con-inner\">\n\t\t\t\t<div class=\"elementor-element elementor-element-7dc2a2c elementor-widget elementor-widget-image\" data-id=\"7dc2a2c\" data-element_type=\"widget\" data-widget_type=\"image.default\">\n\t\t\t\t<div class=\"elementor-widget-container\">\n\t\t\t<style>\/*! elementor - v3.19.0 - 07-02-2024 *\/\n.elementor-widget-image{text-align:center}.elementor-widget-image a{display:inline-block}.elementor-widget-image a img[src$=\".svg\"]{width:48px}.elementor-widget-image img{vertical-align:middle;display:inline-block}<\/style>\t\t\t\t\t\t\t\t\t\t<img decoding=\"async\" src=\"https:\/\/britannia.edu.al\/wp-content\/uploads\/elementor\/thumbs\/ieltsssssssssss-qvb9xbe4284qgedk164fg8bn2b286psq4ak6udbt08.jpeg\" title=\"ieltsssssssssss\" alt=\"ieltsssssssssss\" loading=\"lazy\" \/>\t\t\t\t\t\t\t\t\t\t\t\t\t<\/div>\n\t\t\t\t<\/div>\n\t\t\t\t\t<\/div>\n\t\t\t\t<\/div>\n\t\t<div class=\"elementor-element elementor-element-315261a e-flex e-con-boxed e-con e-parent\" data-id=\"315261a\" data-element_type=\"container\" data-settings=\"{&quot;content_width&quot;:&quot;boxed&quot;}\" data-core-v316-plus=\"true\">\n\t\t\t\t\t<div class=\"e-con-inner\">\n\t\t\t\t<div class=\"elementor-element elementor-element-e696663 elementor-widget elementor-widget-text-editor\" data-id=\"e696663\" data-element_type=\"widget\" data-widget_type=\"text-editor.default\">\n\t\t\t\t<div class=\"elementor-widget-container\">\n\t\t\t<style>\/*! elementor - v3.19.0 - 07-02-2024 *\/\n.elementor-widget-text-editor.elementor-drop-cap-view-stacked .elementor-drop-cap{background-color:#69727d;color:#fff}.elementor-widget-text-editor.elementor-drop-cap-view-framed .elementor-drop-cap{color:#69727d;border:3px solid;background-color:transparent}.elementor-widget-text-editor:not(.elementor-drop-cap-view-default) .elementor-drop-cap{margin-top:8px}.elementor-widget-text-editor:not(.elementor-drop-cap-view-default) .elementor-drop-cap-letter{width:1em;height:1em}.elementor-widget-text-editor .elementor-drop-cap{float:left;text-align:center;line-height:1;font-size:50px}.elementor-widget-text-editor .elementor-drop-cap-letter{display:inline-block}<\/style>\t\t\t\t<p>IELTS is the language exam for the English language, globally recognized around the world. If you are interested in working, studying or living abroad, then taking the IELTS exam can help you realize this dream. Prepare for the IELTS test with a variety of materials, courses and training in the classroom or online from Britannia Languages Academy. Below you will find explanations and guidelines for the type of IELTS tests. Britannia Academy is the only Official Partner of the British Council and offers you training and preparation courses, contemporary books and materials, seminars and exam registrations. Choose the form of preparation that suits you and start preparing for the IELTS test today.<\/p>\t\t\t\t\t\t<\/div>\n\t\t\t\t<\/div>\n\t\t\t\t\t<\/div>\n\t\t\t\t<\/div>\n\t\t<div class=\"elementor-element elementor-element-2578e89 e-flex e-con-boxed e-con e-parent\" data-id=\"2578e89\" data-element_type=\"container\" data-settings=\"{&quot;content_width&quot;:&quot;boxed&quot;}\" data-core-v316-plus=\"true\">\n\t\t\t\t\t<div class=\"e-con-inner\">\n\t\t\t\t<div class=\"elementor-element elementor-element-9683cee elementor-widget elementor-widget-image-gallery\" data-id=\"9683cee\" data-element_type=\"widget\" data-widget_type=\"image-gallery.default\">\n\t\t\t\t<div class=\"elementor-widget-container\">\n\t\t\t<style>\/*! elementor - v3.19.0 - 07-02-2024 *\/\n.elementor-image-gallery .gallery-item{display:inline-block;text-align:center;vertical-align:top;width:100%;max-width:100%;margin:0 auto}.elementor-image-gallery .gallery-item img{margin:0 auto}.elementor-image-gallery .gallery-item .gallery-caption{margin:0}.elementor-image-gallery figure img{display:block}.elementor-image-gallery figure figcaption{width:100%}.gallery-spacing-custom .elementor-image-gallery .gallery-icon{padding:0}@media (min-width:768px){.elementor-image-gallery .gallery-columns-2 .gallery-item{max-width:50%}.elementor-image-gallery .gallery-columns-3 .gallery-item{max-width:33.33%}.elementor-image-gallery .gallery-columns-4 .gallery-item{max-width:25%}.elementor-image-gallery .gallery-columns-5 .gallery-item{max-width:20%}.elementor-image-gallery .gallery-columns-6 .gallery-item{max-width:16.666%}.elementor-image-gallery .gallery-columns-7 .gallery-item{max-width:14.28%}.elementor-image-gallery .gallery-columns-8 .gallery-item{max-width:12.5%}.elementor-image-gallery .gallery-columns-9 .gallery-item{max-width:11.11%}.elementor-image-gallery .gallery-columns-10 .gallery-item{max-width:10%}}@media (min-width:480px) and (max-width:767px){.elementor-image-gallery .gallery.gallery-columns-2 .gallery-item,.elementor-image-gallery .gallery.gallery-columns-3 .gallery-item,.elementor-image-gallery .gallery.gallery-columns-4 .gallery-item,.elementor-image-gallery .gallery.gallery-columns-5 .gallery-item,.elementor-image-gallery .gallery.gallery-columns-6 .gallery-item,.elementor-image-gallery .gallery.gallery-columns-7 .gallery-item,.elementor-image-gallery .gallery.gallery-columns-8 .gallery-item,.elementor-image-gallery .gallery.gallery-columns-9 .gallery-item,.elementor-image-gallery .gallery.gallery-columns-10 .gallery-item{max-width:50%}}@media (max-width:479px){.elementor-image-gallery .gallery.gallery-columns-2 .gallery-item,.elementor-image-gallery .gallery.gallery-columns-3 .gallery-item,.elementor-image-gallery .gallery.gallery-columns-4 .gallery-item,.elementor-image-gallery .gallery.gallery-columns-5 .gallery-item,.elementor-image-gallery .gallery.gallery-columns-6 .gallery-item,.elementor-image-gallery .gallery.gallery-columns-7 .gallery-item,.elementor-image-gallery .gallery.gallery-columns-8 .gallery-item,.elementor-image-gallery .gallery.gallery-columns-9 .gallery-item,.elementor-image-gallery .gallery.gallery-columns-10 .gallery-item{max-width:100%}}<\/style>\t\t<div class=\"elementor-image-gallery\">\n\t\t\t<div id='gallery-1' class='gallery galleryid-20248 gallery-columns-4 gallery-size-thumbnail'><figure class='gallery-item'>\n\t\t\t<div class='gallery-icon landscape'>\n\t\t\t\t<a data-elementor-open-lightbox=\"yes\" data-elementor-lightbox-slideshow=\"9683cee\" data-elementor-lightbox-title=\"1\" data-e-action-hash=\"#elementor-action%3Aaction%3Dlightbox%26settings%3DeyJpZCI6MjA0OTAsInVybCI6Imh0dHBzOlwvXC9icml0YW5uaWEuZWR1LmFsXC93cC1jb250ZW50XC91cGxvYWRzXC8yMDI0XC8wM1wvMS5qcGciLCJzbGlkZXNob3ciOiI5NjgzY2VlIn0%3D\" href='https:\/\/britannia.edu.al\/wp-content\/uploads\/2024\/03\/1.jpg'><img decoding=\"async\" width=\"150\" height=\"150\" src=\"https:\/\/britannia.edu.al\/wp-content\/uploads\/2024\/03\/1-150x150.jpg\" class=\"attachment-thumbnail size-thumbnail\" alt=\"\" aria-describedby=\"gallery-1-20490\" srcset=\"https:\/\/britannia.edu.al\/wp-content\/uploads\/2024\/03\/1-150x150.jpg 150w, https:\/\/britannia.edu.al\/wp-content\/uploads\/2024\/03\/1-300x300.jpg 300w, https:\/\/britannia.edu.al\/wp-content\/uploads\/2024\/03\/1-100x100.jpg 100w, https:\/\/britannia.edu.al\/wp-content\/uploads\/2024\/03\/1.jpg 400w\" sizes=\"(max-width: 150px) 100vw, 150px\" \/><\/a>\n\t\t\t<\/div>\n\t\t\t\t<figcaption class='wp-caption-text gallery-caption' id='gallery-1-20490'>\n\t\t\t\tAcademic IELTS\n\t\t\t\t<\/figcaption><\/figure><figure class='gallery-item'>\n\t\t\t<div class='gallery-icon landscape'>\n\t\t\t\t<a data-elementor-open-lightbox=\"yes\" data-elementor-lightbox-slideshow=\"9683cee\" data-elementor-lightbox-title=\"WhatsApp Image 2024-03-12 at 6.5\" data-e-action-hash=\"#elementor-action%3Aaction%3Dlightbox%26settings%3DeyJpZCI6MjA3MTQsInVybCI6Imh0dHBzOlwvXC9icml0YW5uaWEuZWR1LmFsXC93cC1jb250ZW50XC91cGxvYWRzXC8yMDI0XC8wM1wvV2hhdHNBcHAtSW1hZ2UtMjAyNC0wMy0xMi1hdC02LjUuanBnIiwic2xpZGVzaG93IjoiOTY4M2NlZSJ9\" href='https:\/\/britannia.edu.al\/wp-content\/uploads\/2024\/03\/WhatsApp-Image-2024-03-12-at-6.5.jpg'><img decoding=\"async\" width=\"150\" height=\"150\" src=\"https:\/\/britannia.edu.al\/wp-content\/uploads\/2024\/03\/WhatsApp-Image-2024-03-12-at-6.5-150x150.jpg\" class=\"attachment-thumbnail size-thumbnail\" alt=\"\" aria-describedby=\"gallery-1-20714\" srcset=\"https:\/\/britannia.edu.al\/wp-content\/uploads\/2024\/03\/WhatsApp-Image-2024-03-12-at-6.5-150x150.jpg 150w, https:\/\/britannia.edu.al\/wp-content\/uploads\/2024\/03\/WhatsApp-Image-2024-03-12-at-6.5-300x300.jpg 300w, https:\/\/britannia.edu.al\/wp-content\/uploads\/2024\/03\/WhatsApp-Image-2024-03-12-at-6.5-12x12.jpg 12w, https:\/\/britannia.edu.al\/wp-content\/uploads\/2024\/03\/WhatsApp-Image-2024-03-12-at-6.5-100x100.jpg 100w, https:\/\/britannia.edu.al\/wp-content\/uploads\/2024\/03\/WhatsApp-Image-2024-03-12-at-6.5.jpg 400w\" sizes=\"(max-width: 150px) 100vw, 150px\" \/><\/a>\n\t\t\t<\/div>\n\t\t\t\t<figcaption class='wp-caption-text gallery-caption' id='gallery-1-20714'>\n\t\t\t\tGeneral IELTS\n\t\t\t\t<\/figcaption><\/figure><figure class='gallery-item'>\n\t\t\t<div class='gallery-icon portrait'>\n\t\t\t\t<a data-elementor-open-lightbox=\"yes\" data-elementor-lightbox-slideshow=\"9683cee\" data-elementor-lightbox-title=\"11111\" data-e-action-hash=\"#elementor-action%3Aaction%3Dlightbox%26settings%3DeyJpZCI6MjA0OTQsInVybCI6Imh0dHBzOlwvXC9icml0YW5uaWEuZWR1LmFsXC93cC1jb250ZW50XC91cGxvYWRzXC8yMDI0XC8wM1wvMTExMTEucG5nIiwic2xpZGVzaG93IjoiOTY4M2NlZSJ9\" href='https:\/\/britannia.edu.al\/wp-content\/uploads\/2024\/03\/11111.png'><img decoding=\"async\" width=\"150\" height=\"150\" src=\"https:\/\/britannia.edu.al\/wp-content\/uploads\/2024\/03\/11111-150x150.png\" class=\"attachment-thumbnail size-thumbnail\" alt=\"\" aria-describedby=\"gallery-1-20494\" srcset=\"https:\/\/britannia.edu.al\/wp-content\/uploads\/2024\/03\/11111-150x150.png 150w, https:\/\/britannia.edu.al\/wp-content\/uploads\/2024\/03\/11111-100x100.png 100w\" sizes=\"(max-width: 150px) 100vw, 150px\" \/><\/a>\n\t\t\t<\/div>\n\t\t\t\t<figcaption class='wp-caption-text gallery-caption' id='gallery-1-20494'>\n\t\t\t\tIELTS Life Skills B1\n\t\t\t\t<\/figcaption><\/figure><figure class='gallery-item'>\n\t\t\t<div class='gallery-icon landscape'>\n\t\t\t\t<a data-elementor-open-lightbox=\"yes\" data-elementor-lightbox-slideshow=\"9683cee\" data-elementor-lightbox-title=\"4\" data-e-action-hash=\"#elementor-action%3Aaction%3Dlightbox%26settings%3DeyJpZCI6MjA0OTIsInVybCI6Imh0dHBzOlwvXC9icml0YW5uaWEuZWR1LmFsXC93cC1jb250ZW50XC91cGxvYWRzXC8yMDI0XC8wM1wvNC5qcGVnIiwic2xpZGVzaG93IjoiOTY4M2NlZSJ9\" href='https:\/\/britannia.edu.al\/wp-content\/uploads\/2024\/03\/4.jpeg'><img loading=\"lazy\" decoding=\"async\" width=\"150\" height=\"150\" src=\"https:\/\/britannia.edu.al\/wp-content\/uploads\/2024\/03\/4-150x150.jpeg\" class=\"attachment-thumbnail size-thumbnail\" alt=\"\" aria-describedby=\"gallery-1-20492\" srcset=\"https:\/\/britannia.edu.al\/wp-content\/uploads\/2024\/03\/4-150x150.jpeg 150w, https:\/\/britannia.edu.al\/wp-content\/uploads\/2024\/03\/4-100x100.jpeg 100w\" sizes=\"(max-width: 150px) 100vw, 150px\" \/><\/a>\n\t\t\t<\/div>\n\t\t\t\t<figcaption class='wp-caption-text gallery-caption' id='gallery-1-20492'>\n\t\t\t\tIELTS Life Skills A1\n\t\t\t\t<\/figcaption><\/figure>\n\t\t<\/div>\n\t\t<\/div>\n\t\t\t\t<\/div>\n\t\t\t\t<\/div>\n\t\t\t\t\t<\/div>\n\t\t\t\t<\/div>\n\t\t\t\t<\/div>","protected":false},"excerpt":{"rendered":"<p>IELTS \u00ebsht\u00eb provimi gjuh\u00ebsor p\u00ebr gjuh\u00ebn angleze, i njohur globalisht n\u00eb mbar\u00eb bot\u00ebn. N\u00ebse jeni t\u00eb interesuar t\u00eb punoni, studioni&#8230;<\/p>","protected":false},"author":1,"featured_media":0,"parent":0,"menu_order":0,"comment_status":"closed","ping_status":"closed","template":"","meta":{"inline_featured_image":false,"footnotes":""},"class_list":["post-20248","page","type-page","status-publish","hentry"],"_links":{"self":[{"href":"https:\/\/britannia.edu.al\/en\/wp-json\/wp\/v2\/pages\/20248","targetHints":{"allow":["GET"]}}],"collection":[{"href":"https:\/\/britannia.edu.al\/en\/wp-json\/wp\/v2\/pages"}],"about":[{"href":"https:\/\/britannia.edu.al\/en\/wp-json\/wp\/v2\/types\/page"}],"author":[{"embeddable":true,"href":"https:\/\/britannia.edu.al\/en\/wp-json\/wp\/v2\/users\/1"}],"replies":[{"embeddable":true,"href":"https:\/\/britannia.edu.al\/en\/wp-json\/wp\/v2\/comments?post=20248"}],"version-history":[{"count":27,"href":"https:\/\/britannia.edu.al\/en\/wp-json\/wp\/v2\/pages\/20248\/revisions"}],"predecessor-version":[{"id":20717,"href":"https:\/\/britannia.edu.al\/en\/wp-json\/wp\/v2\/pages\/20248\/revisions\/20717"}],"wp:attachment":[{"href":"https:\/\/britannia.edu.al\/en\/wp-json\/wp\/v2\/media?parent=20248"}],"curies":[{"name":"wp","href":"https:\/\/api.w.org\/{rel}","templated":true}]}}