{"id":20253,"date":"2024-03-05T17:07:26","date_gmt":"2024-03-05T17:07:26","guid":{"rendered":"https:\/\/britannia.edu.al\/?page_id=20253"},"modified":"2026-03-25T14:27:01","modified_gmt":"2026-03-25T14:27:01","slug":"cambridge-exams","status":"publish","type":"page","link":"https:\/\/britannia.edu.al\/en\/cambridge-exams\/","title":{"rendered":"Cambridge Exams"},"content":{"rendered":"<div data-elementor-type=\"wp-page\" data-elementor-id=\"20253\" class=\"elementor elementor-20253\">\n\t\t\t\t<div class=\"elementor-element elementor-element-351d824 e-flex e-con-boxed e-con e-parent\" data-id=\"351d824\" data-element_type=\"container\" data-settings=\"{&quot;content_width&quot;:&quot;boxed&quot;}\" data-core-v316-plus=\"true\">\n\t\t\t\t\t<div class=\"e-con-inner\">\n\t\t\t\t<div class=\"elementor-element elementor-element-bc7827c elementor-widget elementor-widget-heading\" data-id=\"bc7827c\" data-element_type=\"widget\" data-widget_type=\"heading.default\">\n\t\t\t\t<div class=\"elementor-widget-container\">\n\t\t\t<style>\/*! elementor - v3.19.0 - 07-02-2024 *\/\n.elementor-heading-title{padding:0;margin:0;line-height:1}.elementor-widget-heading .elementor-heading-title[class*=elementor-size-]>a{color:inherit;font-size:inherit;line-height:inherit}.elementor-widget-heading .elementor-heading-title.elementor-size-small{font-size:15px}.elementor-widget-heading .elementor-heading-title.elementor-size-medium{font-size:19px}.elementor-widget-heading .elementor-heading-title.elementor-size-large{font-size:29px}.elementor-widget-heading .elementor-heading-title.elementor-size-xl{font-size:39px}.elementor-widget-heading .elementor-heading-title.elementor-size-xxl{font-size:59px}<\/style><h4 class=\"elementor-heading-title elementor-size-default\">Akademi e Licencuar n\u00eb dh\u00ebnien e provimeve Cambridge English<\/h4>\t\t<\/div>\n\t\t\t\t<\/div>\n\t\t\t\t\t<\/div>\n\t\t\t\t<\/div>\n\t\t<div class=\"elementor-element elementor-element-98f3202 e-flex e-con-boxed e-con e-parent\" data-id=\"98f3202\" data-element_type=\"container\" data-settings=\"{&quot;content_width&quot;:&quot;boxed&quot;}\" data-core-v316-plus=\"true\">\n\t\t\t\t\t<div class=\"e-con-inner\">\n\t\t\t\t<div class=\"elementor-element elementor-element-9408d59 elementor-widget elementor-widget-text-editor\" data-id=\"9408d59\" data-element_type=\"widget\" data-widget_type=\"text-editor.default\">\n\t\t\t\t<div class=\"elementor-widget-container\">\n\t\t\t<style>\/*! elementor - v3.19.0 - 07-02-2024 *\/\n.elementor-widget-text-editor.elementor-drop-cap-view-stacked .elementor-drop-cap{background-color:#69727d;color:#fff}.elementor-widget-text-editor.elementor-drop-cap-view-framed .elementor-drop-cap{color:#69727d;border:3px solid;background-color:transparent}.elementor-widget-text-editor:not(.elementor-drop-cap-view-default) .elementor-drop-cap{margin-top:8px}.elementor-widget-text-editor:not(.elementor-drop-cap-view-default) .elementor-drop-cap-letter{width:1em;height:1em}.elementor-widget-text-editor .elementor-drop-cap{float:left;text-align:center;line-height:1;font-size:50px}.elementor-widget-text-editor .elementor-drop-cap-letter{display:inline-block}<\/style>\t\t\t\t<p>Britannia Languages Academy, \u00ebsht\u00eb e miratuar dhe e licencuar t\u00eb ofroj\u00eb provimet nd\u00ebrkomb\u00ebtare t\u00eb Cambridge English q\u00eb jan\u00eb A2 Key -C2 Proficency;<\/p><p>B1- Preliminary English<\/p><p>B2- First Certificate in English<\/p><p>C1- Certificate in Advanced English<\/p><p>K\u00ebto jan\u00eb provime t\u00eb njohura nd\u00ebrkomb\u00ebtarisht nga institucioni akreditues Ofqual, Korniza eP\u00ebrbashk\u00ebt Evropiane e Referenc\u00ebs p\u00ebr Gjuh\u00ebt e Huaja (CEFR) si edhe nga shum\u00eb institucione t\u00eb ndryshme arsimore n\u00eb mbar\u00eb bot\u00ebn. Jan\u00eb provime gjuh\u00ebsore me nj\u00eb cil\u00ebsi t\u00eb lart\u00eb e t\u00eb njohura nd\u00ebrkomb\u00ebtarisht, q\u00eb p\u00ebrmir\u00ebsojn\u00eb karrier\u00ebn, arsimimin dhe mund\u00ebsit\u00eb e jet\u00ebs s\u00eb student\u00ebve apo individ\u00ebve n\u00eb mbar\u00eb bot\u00ebn.<\/p>\t\t\t\t\t\t<\/div>\n\t\t\t\t<\/div>\n\t\t\t\t\t<\/div>\n\t\t\t\t<\/div>\n\t\t<div class=\"elementor-element elementor-element-cbeb427 e-flex e-con-boxed e-con e-parent\" data-id=\"cbeb427\" data-element_type=\"container\" data-settings=\"{&quot;content_width&quot;:&quot;boxed&quot;}\" data-core-v316-plus=\"true\">\n\t\t\t\t\t<div class=\"e-con-inner\">\n\t\t\t\t<div class=\"elementor-element elementor-element-cccb692 elementor-widget elementor-widget-heading\" data-id=\"cccb692\" data-element_type=\"widget\" data-widget_type=\"heading.default\">\n\t\t\t\t<div class=\"elementor-widget-container\">\n\t\t\t<h5 class=\"elementor-heading-title elementor-size-default\">Cambridge English Exams<\/h5>\t\t<\/div>\n\t\t\t\t<\/div>\n\t\t\t\t\t<\/div>\n\t\t\t\t<\/div>\n\t\t<div class=\"elementor-element elementor-element-1902983 e-flex e-con-boxed e-con e-parent\" data-id=\"1902983\" data-element_type=\"container\" data-settings=\"{&quot;content_width&quot;:&quot;boxed&quot;}\" data-core-v316-plus=\"true\">\n\t\t\t\t\t<div class=\"e-con-inner\">\n\t\t\t\t<div class=\"elementor-element elementor-element-8ab4d59 elementor-widget elementor-widget-text-editor\" data-id=\"8ab4d59\" data-element_type=\"widget\" data-widget_type=\"text-editor.default\">\n\t\t\t\t<div class=\"elementor-widget-container\">\n\t\t\t\t\t\t\t<p>Provimet Cambridge English jan\u00eb t\u00eb destinuara p\u00ebr fol\u00ebsit e gjuh\u00ebs angleze jo-amtare n\u00eb mbar\u00eb bot\u00ebn, t\u00eb cil\u00ebt duhet t\u00eb ken\u00eb d\u00ebshmi t\u00eb dokumentuara t\u00eb nivelit t\u00eb aft\u00ebsis\u00eb s\u00eb tyre gjuh\u00ebsore n\u00eb nj\u00eb nivel akademik ose p\u00ebr q\u00ebllime t\u00eb p\u00ebrgjithshme, si p.sh. d\u00ebshmi gjuhe p\u00ebr shkoll\u00ebn, arsye universitare, kontrat\u00eb pune, vendbanim, etj. K\u00ebto provime testojn\u00eb n\u00eb kat\u00ebr aft\u00ebsi gjuh\u00ebsore si: t\u00eb d\u00ebgjuarit, t\u00eb lexuarit, t\u00eb shkruarit dhe t\u00eb folurit t\u00eb cilat vler\u00ebsohen n\u00eb m\u00ebnyr\u00eb t\u00eb pavarur nga nj\u00ebra &#8211; tjetra.<\/p>\t\t\t\t\t\t<\/div>\n\t\t\t\t<\/div>\n\t\t\t\t\t<\/div>\n\t\t\t\t<\/div>\n\t\t<div class=\"elementor-element elementor-element-9bac70a e-flex e-con-boxed e-con e-parent\" data-id=\"9bac70a\" data-element_type=\"container\" data-settings=\"{&quot;content_width&quot;:&quot;boxed&quot;}\" data-core-v316-plus=\"true\">\n\t\t\t\t\t<div class=\"e-con-inner\">\n\t\t\t\t<div class=\"elementor-element elementor-element-624feee elementor-widget elementor-widget-image\" data-id=\"624feee\" data-element_type=\"widget\" data-widget_type=\"image.default\">\n\t\t\t\t<div class=\"elementor-widget-container\">\n\t\t\t<style>\/*! elementor - v3.19.0 - 07-02-2024 *\/\n.elementor-widget-image{text-align:center}.elementor-widget-image a{display:inline-block}.elementor-widget-image a img[src$=\".svg\"]{width:48px}.elementor-widget-image img{vertical-align:middle;display:inline-block}<\/style>\t\t\t\t\t\t\t\t\t\t<img fetchpriority=\"high\" decoding=\"async\" width=\"640\" height=\"640\" src=\"https:\/\/britannia.edu.al\/wp-content\/uploads\/2026\/02\/Logo-1.jpeg\" class=\"attachment-large size-large wp-image-21992\" alt=\"\" srcset=\"https:\/\/britannia.edu.al\/wp-content\/uploads\/2026\/02\/Logo-1.jpeg 900w, https:\/\/britannia.edu.al\/wp-content\/uploads\/2026\/02\/Logo-1-300x300.jpeg 300w, https:\/\/britannia.edu.al\/wp-content\/uploads\/2026\/02\/Logo-1-150x150.jpeg 150w, https:\/\/britannia.edu.al\/wp-content\/uploads\/2026\/02\/Logo-1-768x768.jpeg 768w, https:\/\/britannia.edu.al\/wp-content\/uploads\/2026\/02\/Logo-1-12x12.jpeg 12w, https:\/\/britannia.edu.al\/wp-content\/uploads\/2026\/02\/Logo-1-750x750.jpeg 750w, https:\/\/britannia.edu.al\/wp-content\/uploads\/2026\/02\/Logo-1-600x600.jpeg 600w, https:\/\/britannia.edu.al\/wp-content\/uploads\/2026\/02\/Logo-1-100x100.jpeg 100w\" sizes=\"(max-width: 640px) 100vw, 640px\" \/>\t\t\t\t\t\t\t\t\t\t\t\t\t<\/div>\n\t\t\t\t<\/div>\n\t\t\t\t\t<\/div>\n\t\t\t\t<\/div>\n\t\t<div class=\"elementor-element elementor-element-acb00ad e-flex e-con-boxed e-con e-parent\" data-id=\"acb00ad\" data-element_type=\"container\" data-settings=\"{&quot;content_width&quot;:&quot;boxed&quot;}\" data-core-v316-plus=\"true\">\n\t\t\t\t\t<div class=\"e-con-inner\">\n\t\t\t\t<div class=\"elementor-element elementor-element-c072695 elementor-widget elementor-widget-heading\" data-id=\"c072695\" data-element_type=\"widget\" data-widget_type=\"heading.default\">\n\t\t\t\t<div class=\"elementor-widget-container\">\n\t\t\t<h5 class=\"elementor-heading-title elementor-size-default\">Cfare ofrojme ne ?<\/h5>\t\t<\/div>\n\t\t\t\t<\/div>\n\t\t\t\t\t<\/div>\n\t\t\t\t<\/div>\n\t\t<div class=\"elementor-element elementor-element-0b18741 e-flex e-con-boxed e-con e-parent\" data-id=\"0b18741\" data-element_type=\"container\" data-settings=\"{&quot;content_width&quot;:&quot;boxed&quot;}\" data-core-v316-plus=\"true\">\n\t\t\t\t\t<div class=\"e-con-inner\">\n\t\t\t\t<div class=\"elementor-element elementor-element-2af1b32 elementor-widget elementor-widget-text-editor\" data-id=\"2af1b32\" data-element_type=\"widget\" data-widget_type=\"text-editor.default\">\n\t\t\t\t<div class=\"elementor-widget-container\">\n\t\t\t\t\t\t\t<p>N\u00eb <strong>Britannia Languages Academy<\/strong>, ne nd\u00ebrtojm\u00eb t\u00eb ardhmen tuaj hap pas hapi. Si <strong>qend\u00ebr zyrtare trajnimi dhe rregjistrimi p\u00ebr certifikimet Cambridge<\/strong>, ofrojm\u00eb p\u00ebrgatitje cil\u00ebsore dhe regjistrime zyrtare p\u00ebr t\u00eb gjitha nivelet, n\u00eb <strong>Tiran\u00eb dhe n\u00eb t\u00eb gjith\u00eb Shqip\u00ebrin\u00eb<\/strong>. Nga <strong>A2 Key<\/strong> deri n\u00eb <strong>C2 Proficiency<\/strong>, programet tona jan\u00eb t\u00eb dizajnuara sipas standardeve t\u00eb <strong>Cambridge Assessment English<\/strong>, duke garantuar rezultate reale, certifikime t\u00eb njohura nd\u00ebrkomb\u00ebtarisht dhe nj\u00eb p\u00ebrvoj\u00eb profesionale trajnimi.<\/p>\t\t\t\t\t\t<\/div>\n\t\t\t\t<\/div>\n\t\t\t\t\t<\/div>\n\t\t\t\t<\/div>\n\t\t<div class=\"elementor-element elementor-element-bb67da3 e-flex e-con-boxed e-con e-parent\" data-id=\"bb67da3\" data-element_type=\"container\" data-settings=\"{&quot;content_width&quot;:&quot;boxed&quot;}\" data-core-v316-plus=\"true\">\n\t\t\t\t\t<div class=\"e-con-inner\">\n\t\t\t\t<div class=\"elementor-element elementor-element-2ed8c1d elementor-widget elementor-widget-image\" data-id=\"2ed8c1d\" data-element_type=\"widget\" data-widget_type=\"image.default\">\n\t\t\t\t<div class=\"elementor-widget-container\">\n\t\t\t\t\t\t\t\t\t\t\t\t\t<img decoding=\"async\" width=\"452\" height=\"128\" src=\"https:\/\/britannia.edu.al\/wp-content\/uploads\/2026\/02\/Logo-2.jpeg\" class=\"attachment-large size-large wp-image-21993\" alt=\"\" srcset=\"https:\/\/britannia.edu.al\/wp-content\/uploads\/2026\/02\/Logo-2.jpeg 452w, https:\/\/britannia.edu.al\/wp-content\/uploads\/2026\/02\/Logo-2-300x85.jpeg 300w, https:\/\/britannia.edu.al\/wp-content\/uploads\/2026\/02\/Logo-2-18x5.jpeg 18w, https:\/\/britannia.edu.al\/wp-content\/uploads\/2026\/02\/Logo-2-450x128.jpeg 450w\" sizes=\"(max-width: 452px) 100vw, 452px\" \/>\t\t\t\t\t\t\t\t\t\t\t\t\t<\/div>\n\t\t\t\t<\/div>\n\t\t\t\t\t<\/div>\n\t\t\t\t<\/div>\n\t\t<div class=\"elementor-element elementor-element-88a14ef e-flex e-con-boxed e-con e-parent\" data-id=\"88a14ef\" data-element_type=\"container\" data-settings=\"{&quot;content_width&quot;:&quot;boxed&quot;}\" data-core-v316-plus=\"true\">\n\t\t\t\t\t<div class=\"e-con-inner\">\n\t\t\t\t<div class=\"elementor-element elementor-element-50fbdf1 elementor-widget elementor-widget-heading\" data-id=\"50fbdf1\" data-element_type=\"widget\" data-widget_type=\"heading.default\">\n\t\t\t\t<div class=\"elementor-widget-container\">\n\t\t\t<h5 class=\"elementor-heading-title elementor-size-default\">N\u00eb Britannia Academy do t\u00eb gjeni:<\/h5>\t\t<\/div>\n\t\t\t\t<\/div>\n\t\t\t\t\t<\/div>\n\t\t\t\t<\/div>\n\t\t<div class=\"elementor-element elementor-element-5a9c40b e-flex e-con-boxed e-con e-parent\" data-id=\"5a9c40b\" data-element_type=\"container\" data-settings=\"{&quot;content_width&quot;:&quot;boxed&quot;}\" data-core-v316-plus=\"true\">\n\t\t\t\t\t<div class=\"e-con-inner\">\n\t\t\t\t<div class=\"elementor-element elementor-element-00a48c1 elementor-widget elementor-widget-text-editor\" data-id=\"00a48c1\" data-element_type=\"widget\" data-widget_type=\"text-editor.default\">\n\t\t\t\t<div class=\"elementor-widget-container\">\n\t\t\t\t\t\t\t<p>\ud83d\udd39 Trajnime t\u00eb strukturuara dhe praktike<br \/>\ud83d\udd39 Staf i certifikuar dhe me eksperienc\u00eb<br \/>\ud83d\udd39 Materiale origjinale Cambridge<br \/>\ud83d\udd39 Teste prov\u00eb dhe mb\u00ebshtetje gjuh\u00ebsore t\u00eb vazhdueshme<br \/>\ud83d\udd39 Rregjistrim zyrtar pa stres<\/p><p><strong>N\u00eb <\/strong><strong>Britannia<\/strong>, nuk p\u00ebrgatiteni thjesht p\u00ebr nj\u00eb provim \u2014 <strong>nd\u00ebrtoni nj\u00eb t\u00eb ardhme akademike dhe profesionale t\u00eb sigurt<\/strong>.<\/p>\t\t\t\t\t\t<\/div>\n\t\t\t\t<\/div>\n\t\t\t\t\t<\/div>\n\t\t\t\t<\/div>\n\t\t<div class=\"elementor-element elementor-element-89a11a1 e-flex e-con-boxed e-con e-parent\" data-id=\"89a11a1\" data-element_type=\"container\" data-settings=\"{&quot;content_width&quot;:&quot;boxed&quot;}\" data-core-v316-plus=\"true\">\n\t\t\t\t\t<div class=\"e-con-inner\">\n\t\t\t\t<div class=\"elementor-element elementor-element-56d78ef elementor-widget elementor-widget-image\" data-id=\"56d78ef\" data-element_type=\"widget\" data-widget_type=\"image.default\">\n\t\t\t\t<div class=\"elementor-widget-container\">\n\t\t\t\t\t\t\t\t\t\t\t\t\t<img decoding=\"async\" width=\"640\" height=\"224\" src=\"https:\/\/britannia.edu.al\/wp-content\/uploads\/2026\/02\/Logo-3.jpeg\" class=\"attachment-large size-large wp-image-21994\" alt=\"\" srcset=\"https:\/\/britannia.edu.al\/wp-content\/uploads\/2026\/02\/Logo-3.jpeg 887w, https:\/\/britannia.edu.al\/wp-content\/uploads\/2026\/02\/Logo-3-300x105.jpeg 300w, https:\/\/britannia.edu.al\/wp-content\/uploads\/2026\/02\/Logo-3-768x268.jpeg 768w, https:\/\/britannia.edu.al\/wp-content\/uploads\/2026\/02\/Logo-3-18x6.jpeg 18w, https:\/\/britannia.edu.al\/wp-content\/uploads\/2026\/02\/Logo-3-600x210.jpeg 600w\" sizes=\"(max-width: 640px) 100vw, 640px\" \/>\t\t\t\t\t\t\t\t\t\t\t\t\t<\/div>\n\t\t\t\t<\/div>\n\t\t\t\t\t<\/div>\n\t\t\t\t<\/div>\n\t\t\t\t<\/div>","protected":false},"excerpt":{"rendered":"<p>Akademi e Licencuar n\u00eb dh\u00ebnien e provimeve Cambridge English Britannia Languages Academy, \u00ebsht\u00eb e miratuar dhe e licencuar t\u00eb ofroj\u00eb&#8230;<\/p>","protected":false},"author":1,"featured_media":0,"parent":0,"menu_order":0,"comment_status":"closed","ping_status":"closed","template":"","meta":{"inline_featured_image":false,"footnotes":""},"class_list":["post-20253","page","type-page","status-publish","hentry"],"_links":{"self":[{"href":"https:\/\/britannia.edu.al\/en\/wp-json\/wp\/v2\/pages\/20253","targetHints":{"allow":["GET"]}}],"collection":[{"href":"https:\/\/britannia.edu.al\/en\/wp-json\/wp\/v2\/pages"}],"about":[{"href":"https:\/\/britannia.edu.al\/en\/wp-json\/wp\/v2\/types\/page"}],"author":[{"embeddable":true,"href":"https:\/\/britannia.edu.al\/en\/wp-json\/wp\/v2\/users\/1"}],"replies":[{"embeddable":true,"href":"https:\/\/britannia.edu.al\/en\/wp-json\/wp\/v2\/comments?post=20253"}],"version-history":[{"count":29,"href":"https:\/\/britannia.edu.al\/en\/wp-json\/wp\/v2\/pages\/20253\/revisions"}],"predecessor-version":[{"id":22011,"href":"https:\/\/britannia.edu.al\/en\/wp-json\/wp\/v2\/pages\/20253\/revisions\/22011"}],"wp:attachment":[{"href":"https:\/\/britannia.edu.al\/en\/wp-json\/wp\/v2\/media?parent=20253"}],"curies":[{"name":"wp","href":"https:\/\/api.w.org\/{rel}","templated":true}]}}