{"id":20336,"date":"2024-03-05T18:20:51","date_gmt":"2024-03-05T18:20:51","guid":{"rendered":"https:\/\/britannia.edu.al\/?page_id=20336"},"modified":"2024-03-05T18:22:01","modified_gmt":"2024-03-05T18:22:01","slug":"toefl","status":"publish","type":"page","link":"https:\/\/britannia.edu.al\/en\/toefl\/","title":{"rendered":"TOEFL"},"content":{"rendered":"<div data-elementor-type=\"wp-page\" data-elementor-id=\"20336\" class=\"elementor elementor-20336\">\n\t\t\t\t<div class=\"elementor-element elementor-element-5592aeb e-flex e-con-boxed e-con e-parent\" data-id=\"5592aeb\" data-element_type=\"container\" data-settings=\"{&quot;content_width&quot;:&quot;boxed&quot;}\" data-core-v316-plus=\"true\">\n\t\t\t\t\t<div class=\"e-con-inner\">\n\t\t\t\t<div class=\"elementor-element elementor-element-7624c86 elementor-widget elementor-widget-text-editor\" data-id=\"7624c86\" data-element_type=\"widget\" data-widget_type=\"text-editor.default\">\n\t\t\t\t<div class=\"elementor-widget-container\">\n\t\t\t<style>\/*! elementor - v3.19.0 - 07-02-2024 *\/\n.elementor-widget-text-editor.elementor-drop-cap-view-stacked .elementor-drop-cap{background-color:#69727d;color:#fff}.elementor-widget-text-editor.elementor-drop-cap-view-framed .elementor-drop-cap{color:#69727d;border:3px solid;background-color:transparent}.elementor-widget-text-editor:not(.elementor-drop-cap-view-default) .elementor-drop-cap{margin-top:8px}.elementor-widget-text-editor:not(.elementor-drop-cap-view-default) .elementor-drop-cap-letter{width:1em;height:1em}.elementor-widget-text-editor .elementor-drop-cap{float:left;text-align:center;line-height:1;font-size:50px}.elementor-widget-text-editor .elementor-drop-cap-letter{display:inline-block}<\/style>\t\t\t\t<p class=\" translation-block\"><strong>What is TOEFL?<\/strong>\nTOEFL (Test of English as a Foreign Language) is a test that tests a person's knowledge of the English language. TOEFL is among the most widely used tests in the world, accepted by more than 9,000 Universities in the world.<\/p><p>For more than 75 years, the TOEFL test has been working to improve people's lives through education. To be successful in completing this test, you must be at an average to proficient level.<\/p><p><strong>Who can take the TOEFL exam?<\/strong><\/p><p>Students who want to study at universities where English is spoken.<\/p><p>The TOEFL test in many universities is also a condition for admission and winning scholarships.<\/p><p>Students and employees applying for work visas.<\/p><p>In most universities where English is spoken for bachelor's, master's and doctorate levels and an infinity of employment agencies, immigration offices, etc.<\/p><p class=\" translation-block\"><strong>How is the TOEFL test structured?<\/strong> <br>\nThe TOEFL is divided into four parts: Reading, Listening, Writing and Speaking. Each part has 30 points, giving a total of 120 points. However, each of the universities or institutions where you apply has a different minimum score requirement for admission.<\/p><p class=\" translation-block\"><strong>How many points do you need to pass the TOEFL test? <\/strong> <br>\nThere is no score that counts as a \"pass\" on the TOEFL. Each institution, or wherever the application is made, has its own criteria, and determines the number of points you must have\nin order to be accepted, or even get a scholarship.<\/p><p class=\" translation-block\"><strong>How often is the test performed?<\/strong><br>\nThere are fixed dates for the test, i.e. approximately 50 times a year.<\/p><p class=\" translation-block\"><strong>Is scholarship earned through TOEFL?<br><\/strong>\nThe scholarship is determined by the faculty where the application is made. It may or may not be a requirement, but most English-speaking Universities require it as a mandatory test in order to be admitted.<\/p><p class=\" translation-block\"><strong>TOEFL PREPARATION COURSE \u2013 Britannia Languages Academy<\/strong><\/p><p>The TOEFL course at Britannia Languages Academy is designed to help every person to achieve the highest possible results in the TOEFL test. The course focuses on the four main areas of reading, writing, speaking and listening. Prepare for the TOEFL test with a variety of materials, courses and training in the classroom or online from Britannia Languages Academy.<\/p>\t\t\t\t\t\t<\/div>\n\t\t\t\t<\/div>\n\t\t\t\t\t<\/div>\n\t\t\t\t<\/div>\n\t\t<div class=\"elementor-element elementor-element-a8c4d59 e-flex e-con-boxed e-con e-parent\" data-id=\"a8c4d59\" data-element_type=\"container\" data-settings=\"{&quot;content_width&quot;:&quot;boxed&quot;}\" data-core-v316-plus=\"true\">\n\t\t\t\t\t<div class=\"e-con-inner\">\n\t\t\t\t<div class=\"elementor-element elementor-element-b528aad elementor-widget elementor-widget-image\" data-id=\"b528aad\" data-element_type=\"widget\" data-widget_type=\"image.default\">\n\t\t\t\t<div class=\"elementor-widget-container\">\n\t\t\t<style>\/*! elementor - v3.19.0 - 07-02-2024 *\/\n.elementor-widget-image{text-align:center}.elementor-widget-image a{display:inline-block}.elementor-widget-image a img[src$=\".svg\"]{width:48px}.elementor-widget-image img{vertical-align:middle;display:inline-block}<\/style>\t\t\t\t\t\t\t\t\t\t<img fetchpriority=\"high\" decoding=\"async\" width=\"272\" height=\"186\" src=\"https:\/\/britannia.edu.al\/wp-content\/uploads\/2024\/03\/toefl.png\" class=\"attachment-large size-large wp-image-20337\" alt=\"\" \/>\t\t\t\t\t\t\t\t\t\t\t\t\t<\/div>\n\t\t\t\t<\/div>\n\t\t\t\t\t<\/div>\n\t\t\t\t<\/div>\n\t\t\t\t<\/div>","protected":false},"excerpt":{"rendered":"<p>\u00c7far\u00eb \u00ebsht\u00eb TOEFL Test?TOEFL\u00a0(Test of English as a Foreign Language\/Test i Anglishtes si Gjuh\u00eb e Huaj) \u00ebsht\u00eb test i cili&#8230;<\/p>","protected":false},"author":1,"featured_media":0,"parent":0,"menu_order":0,"comment_status":"closed","ping_status":"closed","template":"","meta":{"inline_featured_image":false,"footnotes":""},"class_list":["post-20336","page","type-page","status-publish","hentry"],"_links":{"self":[{"href":"https:\/\/britannia.edu.al\/en\/wp-json\/wp\/v2\/pages\/20336","targetHints":{"allow":["GET"]}}],"collection":[{"href":"https:\/\/britannia.edu.al\/en\/wp-json\/wp\/v2\/pages"}],"about":[{"href":"https:\/\/britannia.edu.al\/en\/wp-json\/wp\/v2\/types\/page"}],"author":[{"embeddable":true,"href":"https:\/\/britannia.edu.al\/en\/wp-json\/wp\/v2\/users\/1"}],"replies":[{"embeddable":true,"href":"https:\/\/britannia.edu.al\/en\/wp-json\/wp\/v2\/comments?post=20336"}],"version-history":[{"count":3,"href":"https:\/\/britannia.edu.al\/en\/wp-json\/wp\/v2\/pages\/20336\/revisions"}],"predecessor-version":[{"id":20340,"href":"https:\/\/britannia.edu.al\/en\/wp-json\/wp\/v2\/pages\/20336\/revisions\/20340"}],"wp:attachment":[{"href":"https:\/\/britannia.edu.al\/en\/wp-json\/wp\/v2\/media?parent=20336"}],"curies":[{"name":"wp","href":"https:\/\/api.w.org\/{rel}","templated":true}]}}