{"id":20356,"date":"2024-03-05T18:39:42","date_gmt":"2024-03-05T18:39:42","guid":{"rendered":"https:\/\/britannia.edu.al\/?page_id=20356"},"modified":"2024-03-05T18:40:35","modified_gmt":"2024-03-05T18:40:35","slug":"gjermanisht","status":"publish","type":"page","link":"https:\/\/britannia.edu.al\/en\/gjermanisht\/","title":{"rendered":"German"},"content":{"rendered":"<div data-elementor-type=\"wp-page\" data-elementor-id=\"20356\" class=\"elementor elementor-20356\">\n\t\t\t\t<div class=\"elementor-element elementor-element-df66ec2 e-flex e-con-boxed e-con e-parent\" data-id=\"df66ec2\" data-element_type=\"container\" data-settings=\"{&quot;content_width&quot;:&quot;boxed&quot;}\" data-core-v316-plus=\"true\">\n\t\t\t\t\t<div class=\"e-con-inner\">\n\t\t\t\t<div class=\"elementor-element elementor-element-55788be elementor-widget elementor-widget-heading\" data-id=\"55788be\" data-element_type=\"widget\" data-widget_type=\"heading.default\">\n\t\t\t\t<div class=\"elementor-widget-container\">\n\t\t\t<style>\/*! elementor - v3.19.0 - 07-02-2024 *\/\n.elementor-heading-title{padding:0;margin:0;line-height:1}.elementor-widget-heading .elementor-heading-title[class*=elementor-size-]>a{color:inherit;font-size:inherit;line-height:inherit}.elementor-widget-heading .elementor-heading-title.elementor-size-small{font-size:15px}.elementor-widget-heading .elementor-heading-title.elementor-size-medium{font-size:19px}.elementor-widget-heading .elementor-heading-title.elementor-size-large{font-size:29px}.elementor-widget-heading .elementor-heading-title.elementor-size-xl{font-size:39px}.elementor-widget-heading .elementor-heading-title.elementor-size-xxl{font-size:59px}<\/style><h3 class=\"elementor-heading-title elementor-size-default\">Let\u2019s learn German!<\/h3>\t\t<\/div>\n\t\t\t\t<\/div>\n\t\t\t\t\t<\/div>\n\t\t\t\t<\/div>\n\t\t<div class=\"elementor-element elementor-element-eb90438 e-flex e-con-boxed e-con e-parent\" data-id=\"eb90438\" data-element_type=\"container\" data-settings=\"{&quot;content_width&quot;:&quot;boxed&quot;}\" data-core-v316-plus=\"true\">\n\t\t\t\t\t<div class=\"e-con-inner\">\n\t\t\t\t<div class=\"elementor-element elementor-element-016d108 elementor-widget elementor-widget-text-editor\" data-id=\"016d108\" data-element_type=\"widget\" data-widget_type=\"text-editor.default\">\n\t\t\t\t<div class=\"elementor-widget-container\">\n\t\t\t<style>\/*! elementor - v3.19.0 - 07-02-2024 *\/\n.elementor-widget-text-editor.elementor-drop-cap-view-stacked .elementor-drop-cap{background-color:#69727d;color:#fff}.elementor-widget-text-editor.elementor-drop-cap-view-framed .elementor-drop-cap{color:#69727d;border:3px solid;background-color:transparent}.elementor-widget-text-editor:not(.elementor-drop-cap-view-default) .elementor-drop-cap{margin-top:8px}.elementor-widget-text-editor:not(.elementor-drop-cap-view-default) .elementor-drop-cap-letter{width:1em;height:1em}.elementor-widget-text-editor .elementor-drop-cap{float:left;text-align:center;line-height:1;font-size:50px}.elementor-widget-text-editor .elementor-drop-cap-letter{display:inline-block}<\/style>\t\t\t\t<p class=\" translation-block\"><strong>Britannia Languages Academy <\/strong> offers German language courses for all those interested in learning German related to grammar, language and culture, but not only.<\/p><p>This course is offered to adults and any age. During the course, the changes of the vocabulary, language structures, with an exercise and exercises, various topics and a very rich vocabulary of the use of the German language are included. In conclusion, we do not aim at all of these language proficient speakers of German without any barriers, and also be equipped with level certificates for.<\/p><p>These courses range from beginner to advanced.<\/p><p>Students will have the opportunity to read the German language text in order to acquire their used, written and spoken skills by engaging in dialogues designed to generate ideas and thoughts. The texts we do not work are from the latest methods.<\/p><p>Courses are offered individually or in groups, depending on the needs and schedules of the students by agreement between the parties.<\/p><p>During the course we will pay attention to the most important concepts of the German language that are related to reading, listening, writing, reading, etc. In this way, we will continue to form grammatical concepts, so as to increase the ability to form sentences and communicate fluently in German. We as a staff have thought that the teacher-student conversation, or even the language with the other language, gives good results to the students in the acquisition of another element that is not online learning with interactive methods. So, learning can so that the data can be retrieved for true ambiguity.<\/p><p class=\" translation-block\"><strong>Levels:<\/strong> A1, A2, B1, B2, C1, C2<\/p><p class=\" translation-block\"><strong>Methods<\/strong>: Momente, Sicher, Schritte<\/p><p class=\" translation-block\"><strong>Frequency: <\/strong>30 sessions of 90 minutes<\/p><p class=\" translation-block\"><strong>Duration: <\/strong>3 months<\/p><p class=\" translation-block\"><strong>No. of students: <\/strong>3 \u2013 5 minigroups, or individuals<\/p>\t\t\t\t\t\t<\/div>\n\t\t\t\t<\/div>\n\t\t\t\t\t<\/div>\n\t\t\t\t<\/div>\n\t\t\t\t<\/div>","protected":false},"excerpt":{"rendered":"<p>T\u00eb m\u00ebsojm\u00eb gjermanisht! Britannia Languages Academy ofron kurse t\u00eb gjuh\u00ebs gjermane p\u00ebr t\u00eb gjith\u00eb ata q\u00eb jan\u00eb t\u00eb interesuar n\u00eb&#8230;<\/p>","protected":false},"author":1,"featured_media":0,"parent":0,"menu_order":0,"comment_status":"closed","ping_status":"closed","template":"","meta":{"inline_featured_image":false,"footnotes":""},"class_list":["post-20356","page","type-page","status-publish","hentry"],"_links":{"self":[{"href":"https:\/\/britannia.edu.al\/en\/wp-json\/wp\/v2\/pages\/20356","targetHints":{"allow":["GET"]}}],"collection":[{"href":"https:\/\/britannia.edu.al\/en\/wp-json\/wp\/v2\/pages"}],"about":[{"href":"https:\/\/britannia.edu.al\/en\/wp-json\/wp\/v2\/types\/page"}],"author":[{"embeddable":true,"href":"https:\/\/britannia.edu.al\/en\/wp-json\/wp\/v2\/users\/1"}],"replies":[{"embeddable":true,"href":"https:\/\/britannia.edu.al\/en\/wp-json\/wp\/v2\/comments?post=20356"}],"version-history":[{"count":3,"href":"https:\/\/britannia.edu.al\/en\/wp-json\/wp\/v2\/pages\/20356\/revisions"}],"predecessor-version":[{"id":20359,"href":"https:\/\/britannia.edu.al\/en\/wp-json\/wp\/v2\/pages\/20356\/revisions\/20359"}],"wp:attachment":[{"href":"https:\/\/britannia.edu.al\/en\/wp-json\/wp\/v2\/media?parent=20356"}],"curies":[{"name":"wp","href":"https:\/\/api.w.org\/{rel}","templated":true}]}}