{"id":20374,"date":"2024-03-05T18:48:55","date_gmt":"2024-03-05T18:48:55","guid":{"rendered":"https:\/\/britannia.edu.al\/?page_id=20374"},"modified":"2025-03-02T22:47:51","modified_gmt":"2025-03-02T22:47:51","slug":"shqip-per-te-huaj","status":"publish","type":"page","link":"https:\/\/britannia.edu.al\/en\/shqip-per-te-huaj\/","title":{"rendered":"Shqip p\u00ebr t\u00eb huajt"},"content":{"rendered":"<div data-elementor-type=\"wp-page\" data-elementor-id=\"20374\" class=\"elementor elementor-20374\">\n\t\t\t\t<div class=\"elementor-element elementor-element-2087068 e-flex e-con-boxed e-con e-parent\" data-id=\"2087068\" data-element_type=\"container\" data-settings=\"{&quot;content_width&quot;:&quot;boxed&quot;}\" data-core-v316-plus=\"true\">\n\t\t\t\t\t<div class=\"e-con-inner\">\n\t\t\t\t<div class=\"elementor-element elementor-element-25318dc elementor-widget elementor-widget-heading\" data-id=\"25318dc\" data-element_type=\"widget\" data-widget_type=\"heading.default\">\n\t\t\t\t<div class=\"elementor-widget-container\">\n\t\t\t<style>\/*! elementor - v3.19.0 - 07-02-2024 *\/\n.elementor-heading-title{padding:0;margin:0;line-height:1}.elementor-widget-heading .elementor-heading-title[class*=elementor-size-]>a{color:inherit;font-size:inherit;line-height:inherit}.elementor-widget-heading .elementor-heading-title.elementor-size-small{font-size:15px}.elementor-widget-heading .elementor-heading-title.elementor-size-medium{font-size:19px}.elementor-widget-heading .elementor-heading-title.elementor-size-large{font-size:29px}.elementor-widget-heading .elementor-heading-title.elementor-size-xl{font-size:39px}.elementor-widget-heading .elementor-heading-title.elementor-size-xxl{font-size:59px}<\/style><h3 class=\"elementor-heading-title elementor-size-default\">Shqip p\u00ebr t\u00eb huajt<\/h3>\t\t<\/div>\n\t\t\t\t<\/div>\n\t\t\t\t\t<\/div>\n\t\t\t\t<\/div>\n\t\t<div class=\"elementor-element elementor-element-547c192 e-flex e-con-boxed e-con e-parent\" data-id=\"547c192\" data-element_type=\"container\" data-settings=\"{&quot;content_width&quot;:&quot;boxed&quot;}\" data-core-v316-plus=\"true\">\n\t\t\t\t\t<div class=\"e-con-inner\">\n\t\t\t\t<div class=\"elementor-element elementor-element-838ce7f elementor-widget elementor-widget-text-editor\" data-id=\"838ce7f\" data-element_type=\"widget\" data-widget_type=\"text-editor.default\">\n\t\t\t\t<div class=\"elementor-widget-container\">\n\t\t\t<style>\/*! elementor - v3.19.0 - 07-02-2024 *\/\n.elementor-widget-text-editor.elementor-drop-cap-view-stacked .elementor-drop-cap{background-color:#69727d;color:#fff}.elementor-widget-text-editor.elementor-drop-cap-view-framed .elementor-drop-cap{color:#69727d;border:3px solid;background-color:transparent}.elementor-widget-text-editor:not(.elementor-drop-cap-view-default) .elementor-drop-cap{margin-top:8px}.elementor-widget-text-editor:not(.elementor-drop-cap-view-default) .elementor-drop-cap-letter{width:1em;height:1em}.elementor-widget-text-editor .elementor-drop-cap{float:left;text-align:center;line-height:1;font-size:50px}.elementor-widget-text-editor .elementor-drop-cap-letter{display:inline-block}<\/style>\t\t\t\t<p class=\" translation-block\"><strong>Britannia Languages Academy <\/strong> offers Albanian language courses for foreigners who are interested in learning the main concepts related to the speech, history and culture of the Albanian language, but not only.<\/p><p>This course is offered to adults of any age. During the course, explanations of the grammar of the Albanian language, a variety of exercises, various topics and a very rich dictionary of the use of the Albanian language are included. At the end of the course, we aim for the trainees to be able to speak Albanian without any obstacles, and also to be equipped with the main concepts of Albanian culture.<\/p><p>These courses range from beginner to advanced.<\/p><p>Students will have the opportunity to read Albanian language texts in order to acquire their comprehension, writing and speaking skills by engaging in dialogues, designed to engage in sharing ideas and thoughts. The basic texts we work with are authentic methods of the Albanian language such as:<\/p><p><em>\u201cAlbanian for foreigners\u201d<\/em><\/p><p><em>\u201cDiscovering Albanian\u201d<\/em><\/p><p><em>\"Albanian language 1 and 2\"<\/em><\/p><p><em>\"Albanian grammar for foreigners\".<\/em><\/p><p>Courses are offered individually or in very small mini-groups, depending on the needs and schedules of the students by agreement between the parties.<\/p><p>During the course, importance is given to the most important concepts of the Albanian language related to grammatical concepts and vocabulary, in order to increase the ability to form sentences from the simplest to the most complex ones. We, as a staff, thought that the teacher-student conversation, or even the students with each other, would give good results to the students in the acquisition of the Albanian language. Another element we offer is online learning with interactive methods. So, the lesson takes place \"live\" in the classroom and is also recorded so that students can refer back to it later for possible ambiguities.<\/p><p class=\" translation-block\"><strong>Levels:<\/strong> A1, A2, B1, B2, C1, C2<\/p><p><strong>Methods<\/strong>: Albanian for foreigners<\/p><p class=\" translation-block\"><strong>Frequency: <\/strong>30 sessions of 90 minutes<\/p><p class=\" translation-block\"><strong>Duration: <\/strong>3 months<\/p><p class=\" translation-block\"><strong>No. of students: <\/strong>2 \u2013 3 minigroups, or individuals<\/p>\t\t\t\t\t\t<\/div>\n\t\t\t\t<\/div>\n\t\t\t\t\t<\/div>\n\t\t\t\t<\/div>\n\t\t\t\t<\/div>","protected":false},"excerpt":{"rendered":"<p>Shqip p\u00ebr t\u00eb huajt Britannia Languages Academy ofron kurse t\u00eb gjuh\u00ebs shqipe p\u00ebr t\u00eb huajt q\u00eb jan\u00eb t\u00eb interesuar n\u00eb&#8230;<\/p>","protected":false},"author":1,"featured_media":0,"parent":0,"menu_order":0,"comment_status":"closed","ping_status":"closed","template":"","meta":{"inline_featured_image":false,"footnotes":""},"class_list":["post-20374","page","type-page","status-publish","hentry"],"_links":{"self":[{"href":"https:\/\/britannia.edu.al\/en\/wp-json\/wp\/v2\/pages\/20374","targetHints":{"allow":["GET"]}}],"collection":[{"href":"https:\/\/britannia.edu.al\/en\/wp-json\/wp\/v2\/pages"}],"about":[{"href":"https:\/\/britannia.edu.al\/en\/wp-json\/wp\/v2\/types\/page"}],"author":[{"embeddable":true,"href":"https:\/\/britannia.edu.al\/en\/wp-json\/wp\/v2\/users\/1"}],"replies":[{"embeddable":true,"href":"https:\/\/britannia.edu.al\/en\/wp-json\/wp\/v2\/comments?post=20374"}],"version-history":[{"count":7,"href":"https:\/\/britannia.edu.al\/en\/wp-json\/wp\/v2\/pages\/20374\/revisions"}],"predecessor-version":[{"id":21874,"href":"https:\/\/britannia.edu.al\/en\/wp-json\/wp\/v2\/pages\/20374\/revisions\/21874"}],"wp:attachment":[{"href":"https:\/\/britannia.edu.al\/en\/wp-json\/wp\/v2\/media?parent=20374"}],"curies":[{"name":"wp","href":"https:\/\/api.w.org\/{rel}","templated":true}]}}