{"id":20523,"date":"2024-03-07T00:21:30","date_gmt":"2024-03-07T00:21:30","guid":{"rendered":"https:\/\/britannia.edu.al\/?page_id=20523"},"modified":"2024-03-22T15:25:45","modified_gmt":"2024-03-22T15:25:45","slug":"oferta","status":"publish","type":"page","link":"https:\/\/britannia.edu.al\/en\/oferta\/","title":{"rendered":"Oferta"},"content":{"rendered":"<div data-elementor-type=\"wp-page\" data-elementor-id=\"20523\" class=\"elementor elementor-20523\">\n\t\t\t\t<div class=\"elementor-element elementor-element-459d101 e-flex e-con-boxed e-con e-parent\" data-id=\"459d101\" data-element_type=\"container\" data-settings=\"{&quot;content_width&quot;:&quot;boxed&quot;}\" data-core-v316-plus=\"true\">\n\t\t\t\t\t<div class=\"e-con-inner\">\n\t\t\t\t<div class=\"elementor-element elementor-element-bcd0ae6 elementor-widget elementor-widget-heading\" data-id=\"bcd0ae6\" data-element_type=\"widget\" data-widget_type=\"heading.default\">\n\t\t\t\t<div class=\"elementor-widget-container\">\n\t\t\t<style>\/*! elementor - v3.19.0 - 07-02-2024 *\/\n.elementor-heading-title{padding:0;margin:0;line-height:1}.elementor-widget-heading .elementor-heading-title[class*=elementor-size-]>a{color:inherit;font-size:inherit;line-height:inherit}.elementor-widget-heading .elementor-heading-title.elementor-size-small{font-size:15px}.elementor-widget-heading .elementor-heading-title.elementor-size-medium{font-size:19px}.elementor-widget-heading .elementor-heading-title.elementor-size-large{font-size:29px}.elementor-widget-heading .elementor-heading-title.elementor-size-xl{font-size:39px}.elementor-widget-heading .elementor-heading-title.elementor-size-xxl{font-size:59px}<\/style><h3 class=\"elementor-heading-title elementor-size-default\">Oferta Britannia!<\/h3>\t\t<\/div>\n\t\t\t\t<\/div>\n\t\t\t\t\t<\/div>\n\t\t\t\t<\/div>\n\t\t<div class=\"elementor-element elementor-element-99881de e-flex e-con-boxed e-con e-parent\" data-id=\"99881de\" data-element_type=\"container\" data-settings=\"{&quot;content_width&quot;:&quot;boxed&quot;}\" data-core-v316-plus=\"true\">\n\t\t\t\t\t<div class=\"e-con-inner\">\n\t\t\t\t<div class=\"elementor-element elementor-element-5461bfd elementor-widget elementor-widget-text-editor\" data-id=\"5461bfd\" data-element_type=\"widget\" data-widget_type=\"text-editor.default\">\n\t\t\t\t<div class=\"elementor-widget-container\">\n\t\t\t<style>\/*! elementor - v3.19.0 - 07-02-2024 *\/\n.elementor-widget-text-editor.elementor-drop-cap-view-stacked .elementor-drop-cap{background-color:#69727d;color:#fff}.elementor-widget-text-editor.elementor-drop-cap-view-framed .elementor-drop-cap{color:#69727d;border:3px solid;background-color:transparent}.elementor-widget-text-editor:not(.elementor-drop-cap-view-default) .elementor-drop-cap{margin-top:8px}.elementor-widget-text-editor:not(.elementor-drop-cap-view-default) .elementor-drop-cap-letter{width:1em;height:1em}.elementor-widget-text-editor .elementor-drop-cap{float:left;text-align:center;line-height:1;font-size:50px}.elementor-widget-text-editor .elementor-drop-cap-letter{display:inline-block}<\/style>\t\t\t\t<p><strong>Britannia Languages Academy <\/strong>ofron nj\u00eb gam\u00eb te gjer\u00eb kursesh t\u00eb gjuh\u00ebve t\u00eb huaja dhe l\u00ebnd\u00ebve shencore t\u00eb p\u00ebrshtatura p\u00ebr t\u00eb p\u00ebrmbushur nevojat dhe synimet tuaja individuale e profesionale. Pavar\u00ebsisht n\u00ebse jeni fillestar apo k\u00ebrkoni t\u00eb p\u00ebrmirsoni m\u00eb tej aftesit\u00eb tuaja gjuh\u00ebsore dhe\/ose ato shkencore, profesor\u00ebt tan\u00eb jan\u00eb k\u00ebtu p\u00ebr t\u2019ju udh\u00ebhequr n\u00eb cdo hap t\u00eb rrug\u00ebs suaj. P\u00ebrjetoni k\u00ebnaqesin\u00eb e m\u00ebsimit t\u00eb nj\u00eb gjuhe t\u00eb re n\u00eb nj\u00eb mjedis mb\u00ebshtet\u00ebs dhe dinamik.<\/p>\n<p><strong>Oferta Britannia<\/strong>:<\/p>\n<ul>\n<li>Rregjistrohuni dy individ\u00eb nga e nj\u00ebjta familje (v\u00eblla dhe\/ose mot\u00ebr, dy prind\u00ebr, apo nj\u00eb \u00e7ift) dhe p\u00ebrfitoni <strong>10% zbritje<\/strong> nga paketa totale.<\/li>\n<li>P\u00ebr k\u00ebdo q\u00eb referon nj\u00eb shok\/shoqe, mik apo t\u00eb af\u00ebrm, i referuari p\u00ebrfiton <strong>baz\u00ebn materiale falas<\/strong> nd\u00ebrsa referuesi p\u00ebrfiton nj\u00eb <strong>dhurat\u00eb surpriz\u00eb<\/strong> e cila i komunikohet n\u00eb momenntin q\u00eb ai vihet n\u00eb kontakt me qendren.<\/li>\n<li>Ofrojm\u00eb <strong>zbritje p\u00ebr <\/strong><strong>\u00e7<\/strong><strong>do student<\/strong> q\u00eb rikthehet p\u00ebr t\u00eb zhvilluar kurse t\u00eb tjera pasi ka p\u00ebrfunduar nj\u00eb kurs t\u00eb m\u00ebparsh\u00ebm me ne.<\/li>\n<li>Ofrojm\u00eb nj\u00eb <strong>kupon me vler\u00eb 10% ulje<\/strong> n\u00eb tarifen e&nbsp;provimeve nd\u00ebrkomb\u00ebtare si: SELT, ESOL, LTE dhe Young Learners ESOL. N\u00ebse jeni student\u00eb t\u00eb Britannia Academy dhe regjistroni provimin Online, at\u00ebher\u00eb ne ju mund\u00ebsojm\u00eb nj\u00eb <strong>&#8220;promo code&#8221; n\u00eb vler\u00ebn<\/strong> <strong>10% zbritje<\/strong> t\u00eb tarif\u00ebs s\u00eb testit.<\/li>\n<\/ul>\t\t\t\t\t\t<\/div>\n\t\t\t\t<\/div>\n\t\t\t\t\t<\/div>\n\t\t\t\t<\/div>\n\t\t\t\t<\/div>","protected":false},"excerpt":{"rendered":"<p>Oferta Britannia! Britannia Languages Academy ofron nj\u00eb gam\u00eb te gjer\u00eb kursesh t\u00eb gjuh\u00ebve t\u00eb huaja dhe l\u00ebnd\u00ebve shencore t\u00eb p\u00ebrshtatura&#8230;<\/p>","protected":false},"author":1,"featured_media":0,"parent":0,"menu_order":0,"comment_status":"closed","ping_status":"closed","template":"","meta":{"inline_featured_image":false,"footnotes":""},"class_list":["post-20523","page","type-page","status-publish","hentry"],"_links":{"self":[{"href":"https:\/\/britannia.edu.al\/en\/wp-json\/wp\/v2\/pages\/20523","targetHints":{"allow":["GET"]}}],"collection":[{"href":"https:\/\/britannia.edu.al\/en\/wp-json\/wp\/v2\/pages"}],"about":[{"href":"https:\/\/britannia.edu.al\/en\/wp-json\/wp\/v2\/types\/page"}],"author":[{"embeddable":true,"href":"https:\/\/britannia.edu.al\/en\/wp-json\/wp\/v2\/users\/1"}],"replies":[{"embeddable":true,"href":"https:\/\/britannia.edu.al\/en\/wp-json\/wp\/v2\/comments?post=20523"}],"version-history":[{"count":16,"href":"https:\/\/britannia.edu.al\/en\/wp-json\/wp\/v2\/pages\/20523\/revisions"}],"predecessor-version":[{"id":20809,"href":"https:\/\/britannia.edu.al\/en\/wp-json\/wp\/v2\/pages\/20523\/revisions\/20809"}],"wp:attachment":[{"href":"https:\/\/britannia.edu.al\/en\/wp-json\/wp\/v2\/media?parent=20523"}],"curies":[{"name":"wp","href":"https:\/\/api.w.org\/{rel}","templated":true}]}}