{"id":21845,"date":"2025-03-02T22:15:00","date_gmt":"2025-03-02T22:15:00","guid":{"rendered":"https:\/\/britannia.edu.al\/?page_id=21845"},"modified":"2025-07-24T11:43:28","modified_gmt":"2025-07-24T11:43:28","slug":"sil-english-competition","status":"publish","type":"page","link":"https:\/\/britannia.edu.al\/en\/sil-english-competition\/","title":{"rendered":"SiL English Olympiad"},"content":{"rendered":"<div data-elementor-type=\"wp-page\" data-elementor-id=\"21845\" class=\"elementor elementor-21845\">\n\t\t\t\t<div class=\"elementor-element elementor-element-e9e0e41 e-flex e-con-boxed e-con e-parent\" data-id=\"e9e0e41\" data-element_type=\"container\" data-settings=\"{&quot;content_width&quot;:&quot;boxed&quot;}\" data-core-v316-plus=\"true\">\n\t\t\t\t\t<div class=\"e-con-inner\">\n\t\t<div class=\"elementor-element elementor-element-b2b115a e-con-full e-flex e-con e-child\" data-id=\"b2b115a\" data-element_type=\"container\" data-settings=\"{&quot;content_width&quot;:&quot;full&quot;}\">\n\t\t\t\t<div class=\"elementor-element elementor-element-1234614 elementor-widget elementor-widget-image\" data-id=\"1234614\" data-element_type=\"widget\" data-widget_type=\"image.default\">\n\t\t\t\t<div class=\"elementor-widget-container\">\n\t\t\t<style>\/*! elementor - v3.19.0 - 07-02-2024 *\/\n.elementor-widget-image{text-align:center}.elementor-widget-image a{display:inline-block}.elementor-widget-image a img[src$=\".svg\"]{width:48px}.elementor-widget-image img{vertical-align:middle;display:inline-block}<\/style>\t\t\t\t\t\t\t\t\t\t<img fetchpriority=\"high\" decoding=\"async\" width=\"479\" height=\"600\" src=\"https:\/\/britannia.edu.al\/wp-content\/uploads\/2025\/03\/Oxford-University-Circlet.svg.png\" class=\"attachment-large size-large wp-image-21875\" alt=\"\" srcset=\"https:\/\/britannia.edu.al\/wp-content\/uploads\/2025\/03\/Oxford-University-Circlet.svg.png 479w, https:\/\/britannia.edu.al\/wp-content\/uploads\/2025\/03\/Oxford-University-Circlet.svg-240x300.png 240w, https:\/\/britannia.edu.al\/wp-content\/uploads\/2025\/03\/Oxford-University-Circlet.svg-10x12.png 10w\" sizes=\"(max-width: 479px) 100vw, 479px\" \/>\t\t\t\t\t\t\t\t\t\t\t\t\t<\/div>\n\t\t\t\t<\/div>\n\t\t\t\t<\/div>\n\t\t<div class=\"elementor-element elementor-element-8883e3a e-con-full e-flex e-con e-child\" data-id=\"8883e3a\" data-element_type=\"container\" data-settings=\"{&quot;content_width&quot;:&quot;full&quot;}\">\n\t\t\t\t<div class=\"elementor-element elementor-element-f4affae elementor-widget elementor-widget-image\" data-id=\"f4affae\" data-element_type=\"widget\" data-widget_type=\"image.default\">\n\t\t\t\t<div class=\"elementor-widget-container\">\n\t\t\t\t\t\t\t\t\t\t\t\t\t<img decoding=\"async\" width=\"346\" height=\"231\" src=\"https:\/\/britannia.edu.al\/wp-content\/uploads\/2025\/03\/WhatsApp-Image-2025-03-03-at-17.38.19.jpeg\" class=\"attachment-large size-large wp-image-21876\" alt=\"\" srcset=\"https:\/\/britannia.edu.al\/wp-content\/uploads\/2025\/03\/WhatsApp-Image-2025-03-03-at-17.38.19.jpeg 346w, https:\/\/britannia.edu.al\/wp-content\/uploads\/2025\/03\/WhatsApp-Image-2025-03-03-at-17.38.19-300x200.jpeg 300w, https:\/\/britannia.edu.al\/wp-content\/uploads\/2025\/03\/WhatsApp-Image-2025-03-03-at-17.38.19-18x12.jpeg 18w\" sizes=\"(max-width: 346px) 100vw, 346px\" \/>\t\t\t\t\t\t\t\t\t\t\t\t\t<\/div>\n\t\t\t\t<\/div>\n\t\t\t\t<\/div>\n\t\t<div class=\"elementor-element elementor-element-9d880f4 e-con-full e-flex e-con e-child\" data-id=\"9d880f4\" data-element_type=\"container\" data-settings=\"{&quot;content_width&quot;:&quot;full&quot;}\">\n\t\t\t\t<div class=\"elementor-element elementor-element-cd8b077 elementor-widget__width-initial elementor-widget elementor-widget-image\" data-id=\"cd8b077\" data-element_type=\"widget\" data-widget_type=\"image.default\">\n\t\t\t\t<div class=\"elementor-widget-container\">\n\t\t\t\t\t\t\t\t\t\t\t\t\t<img decoding=\"async\" width=\"243\" height=\"239\" src=\"https:\/\/britannia.edu.al\/wp-content\/uploads\/2025\/03\/3.jpg\" class=\"attachment-large size-large wp-image-21852\" alt=\"\" srcset=\"https:\/\/britannia.edu.al\/wp-content\/uploads\/2025\/03\/3.jpg 243w, https:\/\/britannia.edu.al\/wp-content\/uploads\/2025\/03\/3-12x12.jpg 12w\" sizes=\"(max-width: 243px) 100vw, 243px\" \/>\t\t\t\t\t\t\t\t\t\t\t\t\t<\/div>\n\t\t\t\t<\/div>\n\t\t\t\t<\/div>\n\t\t<div class=\"elementor-element elementor-element-7a6ceed e-con-full e-flex e-con e-child\" data-id=\"7a6ceed\" data-element_type=\"container\" data-settings=\"{&quot;content_width&quot;:&quot;full&quot;}\">\n\t\t\t\t<div class=\"elementor-element elementor-element-7b96bda elementor-widget elementor-widget-image\" data-id=\"7b96bda\" data-element_type=\"widget\" data-widget_type=\"image.default\">\n\t\t\t\t<div class=\"elementor-widget-container\">\n\t\t\t\t\t\t\t\t\t\t\t\t\t<img loading=\"lazy\" decoding=\"async\" width=\"640\" height=\"184\" src=\"https:\/\/britannia.edu.al\/wp-content\/uploads\/2025\/03\/4.jpg\" class=\"attachment-large size-large wp-image-21853\" alt=\"\" srcset=\"https:\/\/britannia.edu.al\/wp-content\/uploads\/2025\/03\/4.jpg 967w, https:\/\/britannia.edu.al\/wp-content\/uploads\/2025\/03\/4-300x86.jpg 300w, https:\/\/britannia.edu.al\/wp-content\/uploads\/2025\/03\/4-768x221.jpg 768w, https:\/\/britannia.edu.al\/wp-content\/uploads\/2025\/03\/4-18x5.jpg 18w, https:\/\/britannia.edu.al\/wp-content\/uploads\/2025\/03\/4-600x172.jpg 600w\" sizes=\"(max-width: 640px) 100vw, 640px\" \/>\t\t\t\t\t\t\t\t\t\t\t\t\t<\/div>\n\t\t\t\t<\/div>\n\t\t\t\t<\/div>\n\t\t\t\t\t<\/div>\n\t\t\t\t<\/div>\n\t\t<div class=\"elementor-element elementor-element-50b2c6f e-flex e-con-boxed e-con e-parent\" data-id=\"50b2c6f\" data-element_type=\"container\" data-settings=\"{&quot;content_width&quot;:&quot;boxed&quot;}\" data-core-v316-plus=\"true\">\n\t\t\t\t\t<div class=\"e-con-inner\">\n\t\t\t\t<div class=\"elementor-element elementor-element-946e0ee elementor-widget elementor-widget-text-editor\" data-id=\"946e0ee\" data-element_type=\"widget\" data-widget_type=\"text-editor.default\">\n\t\t\t\t<div class=\"elementor-widget-container\">\n\t\t\t<style>\/*! elementor - v3.19.0 - 07-02-2024 *\/\n.elementor-widget-text-editor.elementor-drop-cap-view-stacked .elementor-drop-cap{background-color:#69727d;color:#fff}.elementor-widget-text-editor.elementor-drop-cap-view-framed .elementor-drop-cap{color:#69727d;border:3px solid;background-color:transparent}.elementor-widget-text-editor:not(.elementor-drop-cap-view-default) .elementor-drop-cap{margin-top:8px}.elementor-widget-text-editor:not(.elementor-drop-cap-view-default) .elementor-drop-cap-letter{width:1em;height:1em}.elementor-widget-text-editor .elementor-drop-cap{float:left;text-align:center;line-height:1;font-size:50px}.elementor-widget-text-editor .elementor-drop-cap-letter{display:inline-block}<\/style>\t\t\t\t<p><strong>OLIMPIADA E ANGLISHTES SiL<\/strong><\/p><p><em>(SiL ENGLISH OLYMPIAD 2026)<\/em><\/p><p><strong>MUND\u00cbSI E ART\u00cb P\u00cbR NX\u00cbN\u00cbSIT DHE SHKOLLAT<\/strong><\/p>\t\t\t\t\t\t<\/div>\n\t\t\t\t<\/div>\n\t\t\t\t\t<\/div>\n\t\t\t\t<\/div>\n\t\t<div class=\"elementor-element elementor-element-2825f45 e-flex e-con-boxed e-con e-parent\" data-id=\"2825f45\" data-element_type=\"container\" data-settings=\"{&quot;content_width&quot;:&quot;boxed&quot;}\" data-core-v316-plus=\"true\">\n\t\t\t\t\t<div class=\"e-con-inner\">\n\t\t\t\t<div class=\"elementor-element elementor-element-83c5b9f elementor-widget elementor-widget-text-editor\" data-id=\"83c5b9f\" data-element_type=\"widget\" data-widget_type=\"text-editor.default\">\n\t\t\t\t<div class=\"elementor-widget-container\">\n\t\t\t\t\t\t\t<p>N\u00eb bot\u00ebn e edukimit, zhvillimi i aft\u00ebsive gjuh\u00ebsore \u00ebsht\u00eb nj\u00eb hap i r\u00ebnd\u00ebsish\u00ebm p\u00ebr arritjen e suksesit gjuh\u00ebsor, professional e m\u00eb tej at\u00eb akademik. Pik\u00ebrisht p\u00ebr k\u00ebt\u00eb arsye, kemi k\u00ebnaq\u00ebsin\u00eb t\u00eb prezantojm\u00eb p\u00ebr her\u00eb t\u00eb par\u00eb n\u00eb Shqip\u00ebri dhe vet\u00ebm n\u00eb Akademin\u00eb Britannia zhvillimin e <strong>SiL English Olympiad 2026<\/strong>, nj\u00eb test i avancuar dhe rigoroz q\u00eb ka fituar njohje nd\u00ebrkomb\u00ebtare kudo n\u00eb bot\u00eb sepse \u00ebsht\u00eb hartuar nga studiues t\u00eb shquar t\u00eb <strong>Universitetit t\u00eb Oksfordit<\/strong> dhe <strong>t\u00eb Kembrixhit<\/strong> (Oxbridge) dhe mb\u00ebshtetet n\u00eb k\u00ebrkime t\u00eb thella p\u00ebr t\u00eb ofruar nj\u00eb vler\u00ebsim t\u00eb sakt\u00eb t\u00eb aft\u00ebsive gjuh\u00ebsore t\u00eb nx\u00ebn\u00ebsve nga klasat 1-10. Testi do t\u00eb zhvillohet nga <strong>13 deri m\u00eb 15 Mars 2026<\/strong>, n\u00eb mbar\u00eb bot\u00ebn, dhe ofron mund\u00ebsi t\u00eb shk\u00eblqyera p\u00ebr nx\u00ebn\u00ebsit dhe shkollat.<\/p><p><strong>N\u00eb SHQIP\u00cbRI E KOSOV\u00cb OLIMPIADA SiL do t\u00eb zhvillohet n\u00eb datat 13\u201314-15 Mars 2026 n\u00eb zyrat e Britannia-s dhe kudo n\u00eb Shqip\u00ebri e Kosov\u00eb.<\/strong><\/p><p><strong>\u00c7FAR\u00cb \u00cbSHT\u00cb OLIMPIADA SIL?<\/strong><\/p><p><strong>Olimpiada SiL<\/strong>\u00a0\u00ebsht\u00eb nj\u00eb gar\u00eb e avancuar p\u00ebr vler\u00ebsimin e aft\u00ebsive n\u00eb gjuh\u00ebn angleze, e zhvilluar nga specialist\u00eb t\u00eb <strong>Universitetit t\u00eb Oksfordit<\/strong> dhe <strong>Universitetit t\u00eb Kembrixhit<\/strong>. Testi \u00ebsht\u00eb i bazuar n\u00eb <strong>Kurrikul\u00ebn Komb\u00ebtare t\u00eb Britanis\u00eb s\u00eb Madhe<\/strong> dhe p\u00ebrfshin nj\u00eb vler\u00ebsim t\u00eb plot\u00eb t\u00eb aft\u00ebsive gjuh\u00ebsore, p\u00ebrfshir\u00eb leximin, gramatik\u00ebn dhe fjalorin. Ky \u00ebsht\u00eb nj\u00eb test q\u00eb do t\u2019i ndihmoj\u00eb nx\u00ebn\u00ebsit t\u00eb kuptojn\u00eb m\u00eb mir\u00eb fuqit\u00eb dhe fushat ku mund t\u00eb p\u00ebrmir\u00ebsohen, duke ofruar gjithashtu raporte t\u00eb thelluara p\u00ebr shkollat p\u00ebr t\u00eb p\u00ebrmir\u00ebsuar strategjit\u00eb e m\u00ebsimdh\u00ebnies.<\/p><p><strong>OBJEKTIVAT E OLIMPIAD\u00cbS:<\/strong><\/p><ol><li><strong>Vler\u00ebsimi i Aft\u00ebsive Gjuh\u00ebsore<\/strong> \u2013 Ofron nj\u00eb vler\u00ebsim t\u00eb plot\u00eb t\u00eb aft\u00ebsive n\u00eb gjuh\u00ebn angleze, duke p\u00ebrfshir\u00eb leximin, gramatik\u00ebn dhe fjalorin, t\u00eb gjitha t\u00eb bazuara sipas <strong>Kurrikul<\/strong>\u00ebs<strong> Komb\u00ebtare t\u00eb Britanis\u00eb s\u00eb Madhe<\/strong>.<\/li><li><strong>Identifikimi i Fuqive dhe Fushave p\u00ebr P\u00ebrmir\u00ebsim<\/strong> \u2013 Ofron informacion t\u00eb detajuar p\u00ebr performanc\u00ebn e nx\u00ebn\u00ebsve, duke ndihmuar ata t\u00eb identifikojn\u00eb pikat e forta dhe ato ku mund t\u00eb rriten.<\/li><li><strong>Mb\u00ebshtetje p\u00ebr Shkollat n\u00eb Zhvillimin e Gjuh\u00ebs<\/strong> \u2013 Ofron raporte t\u00eb thelluara p\u00ebr shkollat, duke i mund\u00ebsuar m\u00ebsuesve t\u00eb rafinojn\u00eb strategjit\u00eb e m\u00ebsimdh\u00ebnies dhe t\u00eb p\u00ebrmir\u00ebsojn\u00eb m\u00ebsimin e gjuh\u00ebs angleze.<\/li><li><strong>Inkurajimi i Ekselenc\u00ebs Akademike<\/strong> \u2013 Ndihmon nx\u00ebn\u00ebsit t\u00eb sfidojn\u00eb veten p\u00ebr t\u00eb arritur nivele m\u00eb t\u00eb larta n\u00eb aft\u00ebsit\u00eb e gjuh\u00ebs dhe krijon nj\u00eb kultur\u00eb t\u00eb ekselenc\u00ebs linguistike.<\/li><li><strong>P\u00ebrqendrimi n\u00eb Performanc\u00ebn Komb\u00ebtare dhe Nd\u00ebrkomb\u00ebtare<\/strong> \u2013 Nx\u00ebn\u00ebsit dhe shkollat mund t\u00eb krahasojn\u00eb performanc\u00ebn e tyre me at\u00eb t\u00eb institucioneve t\u00eb tjera n\u00eb nj\u00eb shkall\u00eb komb\u00ebtare dhe nd\u00ebrkomb\u00ebtare, duke vendosur objektiva t\u00eb qarta m\u00ebsimore.<\/li><\/ol><p><strong>DETAJET E OLIMPIADES:<\/strong><\/p><ul><li><strong>Datat e Konkursit<\/strong>:<strong> 13-14-15 Mars 2026<\/strong>\u00a0(af\u00ebrsisht 75 minuta).<\/li><li><strong>Pjes\u00ebmarr\u00ebsit mund t\u00eb zgjedhin dat\u00ebn dhe or\u00ebn gjat\u00eb regjistrimit.<\/strong><\/li><li><strong>Certifikat<\/strong><strong>\u00eb<\/strong> <strong>nd\u00ebrkomb\u00ebtare<\/strong><strong>:<\/strong> Pas provimit, nx\u00ebn\u00ebsit do t\u00eb vler\u00ebsohen me nj\u00eb certifikat\u00eb pjes\u00ebmarrjeje me cmimet (gold, silver, bronze) sipas meritokracis\u00eb p\u00ebrkat\u00ebse.<\/li><li><strong>Flet\u00eb-rezulate t\u00eb detajuara<\/strong> n\u00eb var\u00ebsi t\u00eb p\u00ebrgjigjeve p\u00ebr cdo nxen\u00ebs.<\/li><li><strong>R<\/strong><strong>ankim<\/strong><strong> n\u00eb rang komb\u00ebtar dhe nd\u00ebrkomb\u00ebtar,<\/strong> nj\u00eb mund\u00ebsi e shk\u00eblqyer p\u00ebr t\u00eb njohur arritjet e tyre gjuh\u00ebsore e akademike dhe p\u00ebr t&#8217;u motivuar p\u00ebr sfida t\u00eb reja.<\/li><li><strong>Ata q\u00eb kualifikohen me rezultate t\u00eb arrira<\/strong>, do t\u00eb ken\u00eb mund\u00ebsin\u00eb\u00a0t\u00eb bashkohen n\u00eb <strong>Raundin Global Final<\/strong> n\u00eb <strong>Dhjetor 2026 n\u00eb Oxford, Angli, UK.<\/strong> (detajet p\u00ebr k\u00ebt\u00eb, do t\u00eb mund\u00ebsohen nga Britannia Academy).<\/li><\/ul><p><strong>EKIP I SPECIALIZUAR<\/strong><\/p><p>Testi \u00ebsht\u00eb hartuar nga <strong>absolvent\u00eb t\u00eb Departamentit t\u00eb Edukimit t\u00eb Universitetit t\u00eb Oksfordit<\/strong> dhe mbik\u00ebqyret nga specialist\u00eb t\u00eb njohur t\u00eb <strong>Oksfordit dhe Kembrixhit<\/strong>, duke garantuar nj\u00eb vler\u00ebsim t\u00eb sakt\u00eb dhe t\u00eb besuesh\u00ebm. Pjes\u00ebmarr\u00ebsit do t\u00eb ken\u00eb mund\u00ebsin\u00eb t\u00eb provojn\u00eb aft\u00ebsit\u00eb e tyre n\u00eb nj\u00eb test t\u00eb zhvilluar nga disa nga mendjet m\u00eb t\u00eb ndritura t\u00eb fush\u00ebs s\u00eb edukimit.<\/p><p><strong>PSE DUHET T\u00cb MERRNI PJES\u00cb?<\/strong><\/p><p>Ky konkurs ofron nj\u00eb mund\u00ebsi t\u00eb shk\u00eblqyer p\u00ebr nx\u00ebn\u00ebsit nga klasa 1 n\u00eb t\u00eb 9, q\u00eb duan t\u00eb sfidojn\u00eb veten dhe t\u00eb zhvillojn\u00eb aft\u00ebsit\u00eb e tyre gjuh\u00ebsore n\u00eb nj\u00eb mjedis nd\u00ebrkomb\u00ebtar. P\u00ebr shkollat, \u00ebsht\u00eb nj\u00eb mund\u00ebsi p\u00ebr t\u00eb marr\u00eb vler\u00ebsime t\u00eb detajuara dhe t\u00eb besueshme mbi nivelin e gjuh\u00ebs s\u00eb nx\u00ebn\u00ebsve, duke i ndihmuar ato t\u00eb p\u00ebrmir\u00ebsojn\u00eb m\u00ebsimdh\u00ebnien dhe t\u00eb rrisin nivelin e arritjeve gjuh\u00ebsore n\u00ebp\u00ebr klasa.<\/p><p><strong>AFATI I REGJISTRIMIT<\/strong><\/p><p>P\u00ebr t\u2019u regjistruar, nx\u00ebn\u00ebsit duhet t\u00eb aplikojn\u00eb deri m\u00eb <strong>10 Mars 2026<\/strong>, n\u00eb zyrat e Akademis\u00eb Britannia 1 dhe 2.<\/p><p>Nuk duhet t\u00eb humbisni k\u00ebt\u00eb mund\u00ebsi t\u00eb jasht\u00ebzakonshme!<\/p><p>Zyra: +355 69 48 64 047<\/p>\t\t\t\t\t\t<\/div>\n\t\t\t\t<\/div>\n\t\t\t\t\t<\/div>\n\t\t\t\t<\/div>\n\t\t<div class=\"elementor-element elementor-element-1280386 e-flex e-con-boxed e-con e-parent\" data-id=\"1280386\" data-element_type=\"container\" data-settings=\"{&quot;content_width&quot;:&quot;boxed&quot;}\" data-core-v316-plus=\"true\">\n\t\t\t\t\t<div class=\"e-con-inner\">\n\t\t<div class=\"elementor-element elementor-element-761c6e2 e-con-full e-flex e-con e-child\" data-id=\"761c6e2\" data-element_type=\"container\" data-settings=\"{&quot;content_width&quot;:&quot;full&quot;}\">\n\t\t\t\t<div class=\"elementor-element elementor-element-0de23e9 elementor-widget elementor-widget-image\" data-id=\"0de23e9\" data-element_type=\"widget\" data-widget_type=\"image.default\">\n\t\t\t\t<div class=\"elementor-widget-container\">\n\t\t\t\t\t\t\t\t\t\t\t\t\t<img loading=\"lazy\" decoding=\"async\" width=\"640\" height=\"640\" src=\"https:\/\/britannia.edu.al\/wp-content\/uploads\/2025\/03\/1.jpg\" class=\"attachment-large size-large wp-image-21850\" alt=\"\" srcset=\"https:\/\/britannia.edu.al\/wp-content\/uploads\/2025\/03\/1.jpg 733w, https:\/\/britannia.edu.al\/wp-content\/uploads\/2025\/03\/1-300x300.jpg 300w, https:\/\/britannia.edu.al\/wp-content\/uploads\/2025\/03\/1-150x150.jpg 150w, https:\/\/britannia.edu.al\/wp-content\/uploads\/2025\/03\/1-12x12.jpg 12w, https:\/\/britannia.edu.al\/wp-content\/uploads\/2025\/03\/1-600x600.jpg 600w, https:\/\/britannia.edu.al\/wp-content\/uploads\/2025\/03\/1-100x100.jpg 100w\" sizes=\"(max-width: 640px) 100vw, 640px\" \/>\t\t\t\t\t\t\t\t\t\t\t\t\t<\/div>\n\t\t\t\t<\/div>\n\t\t\t\t<\/div>\n\t\t<div class=\"elementor-element elementor-element-38355ab e-con-full e-flex e-con e-child\" data-id=\"38355ab\" data-element_type=\"container\" data-settings=\"{&quot;content_width&quot;:&quot;full&quot;}\">\n\t\t\t\t<div class=\"elementor-element elementor-element-cd3877d elementor-widget elementor-widget-image\" data-id=\"cd3877d\" data-element_type=\"widget\" data-widget_type=\"image.default\">\n\t\t\t\t<div class=\"elementor-widget-container\">\n\t\t\t\t\t\t\t\t\t\t\t\t\t<img loading=\"lazy\" decoding=\"async\" width=\"640\" height=\"640\" src=\"https:\/\/britannia.edu.al\/wp-content\/uploads\/2025\/03\/2.jpg\" class=\"attachment-large size-large wp-image-21851\" alt=\"\" srcset=\"https:\/\/britannia.edu.al\/wp-content\/uploads\/2025\/03\/2.jpg 711w, https:\/\/britannia.edu.al\/wp-content\/uploads\/2025\/03\/2-300x300.jpg 300w, https:\/\/britannia.edu.al\/wp-content\/uploads\/2025\/03\/2-150x150.jpg 150w, https:\/\/britannia.edu.al\/wp-content\/uploads\/2025\/03\/2-12x12.jpg 12w, https:\/\/britannia.edu.al\/wp-content\/uploads\/2025\/03\/2-600x600.jpg 600w, https:\/\/britannia.edu.al\/wp-content\/uploads\/2025\/03\/2-100x100.jpg 100w\" sizes=\"(max-width: 640px) 100vw, 640px\" \/>\t\t\t\t\t\t\t\t\t\t\t\t\t<\/div>\n\t\t\t\t<\/div>\n\t\t\t\t<\/div>\n\t\t\t\t\t<\/div>\n\t\t\t\t<\/div>\n\t\t\t\t<\/div>","protected":false},"excerpt":{"rendered":"<p>OLIMPIADA E ANGLISHTES SiL (SiL ENGLISH OLYMPIAD 2026) MUND\u00cbSI E ART\u00cb P\u00cbR NX\u00cbN\u00cbSIT DHE SHKOLLAT N\u00eb bot\u00ebn e edukimit, zhvillimi&#8230;<\/p>","protected":false},"author":1,"featured_media":0,"parent":0,"menu_order":0,"comment_status":"closed","ping_status":"closed","template":"","meta":{"inline_featured_image":false,"footnotes":""},"class_list":["post-21845","page","type-page","status-publish","hentry"],"_links":{"self":[{"href":"https:\/\/britannia.edu.al\/en\/wp-json\/wp\/v2\/pages\/21845","targetHints":{"allow":["GET"]}}],"collection":[{"href":"https:\/\/britannia.edu.al\/en\/wp-json\/wp\/v2\/pages"}],"about":[{"href":"https:\/\/britannia.edu.al\/en\/wp-json\/wp\/v2\/types\/page"}],"author":[{"embeddable":true,"href":"https:\/\/britannia.edu.al\/en\/wp-json\/wp\/v2\/users\/1"}],"replies":[{"embeddable":true,"href":"https:\/\/britannia.edu.al\/en\/wp-json\/wp\/v2\/comments?post=21845"}],"version-history":[{"count":47,"href":"https:\/\/britannia.edu.al\/en\/wp-json\/wp\/v2\/pages\/21845\/revisions"}],"predecessor-version":[{"id":21928,"href":"https:\/\/britannia.edu.al\/en\/wp-json\/wp\/v2\/pages\/21845\/revisions\/21928"}],"wp:attachment":[{"href":"https:\/\/britannia.edu.al\/en\/wp-json\/wp\/v2\/media?parent=21845"}],"curies":[{"name":"wp","href":"https:\/\/api.w.org\/{rel}","templated":true}]}}